{"id":41,"date":"2021-01-18T08:44:21","date_gmt":"2021-01-18T08:44:21","guid":{"rendered":"https:\/\/temp.turismegarrigues.com\/?page_id=41"},"modified":"2021-11-24T13:33:21","modified_gmt":"2021-11-24T11:33:21","slug":"olidoliva","status":"publish","type":"page","link":"https:\/\/www.turismegarrigues.com\/ca\/comarca\/oli\/olidoliva\/","title":{"rendered":"L&#8217;oli d&#8217;oliva verge extra"},"content":{"rendered":"\t\t<div data-elementor-type=\"wp-page\" data-elementor-id=\"41\" class=\"elementor elementor-41\" data-elementor-post-type=\"page\">\n\t\t\t\t\t\t<section data-dce-background-overlay-image-url=\"https:\/\/www.turismegarrigues.com\/wp-content\/uploads\/BANNER-oli.jpg\" class=\"elementor-section elementor-top-section elementor-element elementor-element-289cf54 elementor-section-boxed elementor-section-height-default elementor-section-height-default\" data-id=\"289cf54\" data-element_type=\"section\" data-e-type=\"section\" data-settings=\"{&quot;_ob_glider_is_slider&quot;:&quot;no&quot;}\">\n\t\t\t\t\t\t\t<div class=\"elementor-background-overlay\"><\/div>\n\t\t\t\t\t\t\t<div class=\"elementor-container elementor-column-gap-default\">\n\t\t\t\t\t<div class=\"elementor-column elementor-col-100 elementor-top-column elementor-element elementor-element-9ff26ac\" data-id=\"9ff26ac\" data-element_type=\"column\" data-e-type=\"column\" data-settings=\"{&quot;_ob_column_hoveranimator&quot;:&quot;no&quot;,&quot;_ob_column_has_pseudo&quot;:&quot;no&quot;}\">\n\t\t\t<div class=\"elementor-widget-wrap elementor-element-populated\">\n\t\t\t\t\t\t<div class=\"elementor-element elementor-element-c32694e elementor-widget__width-auto elementor-absolute ob-has-background-overlay elementor-widget elementor-widget-shortcode\" data-id=\"c32694e\" data-element_type=\"widget\" data-e-type=\"widget\" data-settings=\"{&quot;_position&quot;:&quot;absolute&quot;,&quot;_ob_widget_stalker_use&quot;:&quot;no&quot;,&quot;_ob_poopart_use&quot;:&quot;yes&quot;,&quot;_ob_shadough_use&quot;:&quot;no&quot;,&quot;_ob_allow_hoveranimator&quot;:&quot;no&quot;}\" data-widget_type=\"shortcode.default\">\n\t\t\t\t<div class=\"elementor-widget-container\">\n\t\t\t\t\t\t\t<div class=\"elementor-shortcode\"><div class=\"atribucio\">@turismelesgarrigues<\/div><\/div>\n\t\t\t\t\t\t<\/div>\n\t\t\t\t<\/div>\n\t\t\t\t<div class=\"elementor-element elementor-element-f210ff5 ob-harakiri-inherit ob-has-background-overlay elementor-widget elementor-widget-heading\" data-id=\"f210ff5\" data-element_type=\"widget\" data-e-type=\"widget\" data-settings=\"{&quot;_ob_use_harakiri&quot;:&quot;yes&quot;,&quot;_ob_harakiri_writing_mode&quot;:&quot;inherit&quot;,&quot;_ob_harakiri_text_clip&quot;:&quot;none&quot;,&quot;_ob_widget_stalker_use&quot;:&quot;no&quot;,&quot;_ob_poopart_use&quot;:&quot;yes&quot;,&quot;_ob_shadough_use&quot;:&quot;no&quot;,&quot;_ob_allow_hoveranimator&quot;:&quot;no&quot;}\" data-widget_type=\"heading.default\">\n\t\t\t\t<div class=\"elementor-widget-container\">\n\t\t\t\t\t<h1 class=\"elementor-heading-title elementor-size-default\">Oli<\/h1>\t\t\t\t<\/div>\n\t\t\t\t<\/div>\n\t\t\t\t<div class=\"elementor-element elementor-element-f334978 ob-harakiri-inherit ob-has-background-overlay elementor-widget elementor-widget-heading\" data-id=\"f334978\" data-element_type=\"widget\" data-e-type=\"widget\" data-settings=\"{&quot;_ob_use_harakiri&quot;:&quot;yes&quot;,&quot;_ob_harakiri_writing_mode&quot;:&quot;inherit&quot;,&quot;_ob_harakiri_text_clip&quot;:&quot;none&quot;,&quot;_ob_widget_stalker_use&quot;:&quot;no&quot;,&quot;_ob_poopart_use&quot;:&quot;yes&quot;,&quot;_ob_shadough_use&quot;:&quot;no&quot;,&quot;_ob_allow_hoveranimator&quot;:&quot;no&quot;}\" data-widget_type=\"heading.default\">\n\t\t\t\t<div class=\"elementor-widget-container\">\n\t\t\t\t\t<h2 class=\"elementor-heading-title elementor-size-default\">L&#8217;oli d&#8217;oliva verge extra<\/h2>\t\t\t\t<\/div>\n\t\t\t\t<\/div>\n\t\t\t\t<div class=\"elementor-element elementor-element-728f2ce ob-has-background-overlay elementor-widget elementor-widget-shortcode\" data-id=\"728f2ce\" data-element_type=\"widget\" data-e-type=\"widget\" data-settings=\"{&quot;_ob_widget_stalker_use&quot;:&quot;no&quot;,&quot;_ob_poopart_use&quot;:&quot;yes&quot;,&quot;_ob_shadough_use&quot;:&quot;no&quot;,&quot;_ob_allow_hoveranimator&quot;:&quot;no&quot;}\" data-widget_type=\"shortcode.default\">\n\t\t\t\t<div class=\"elementor-widget-container\">\n\t\t\t\t\t\t\t<div class=\"elementor-shortcode\"><div><ul id=\"tabmenu\"><li class=\"selected\"><a href=\"https:\/\/www.turismegarrigues.com\/ca\/comarca\/oli\/olidoliva\/\">L&#8217;oli d&#8217;oliva verge extra<\/a><li ><a href=\"https:\/\/www.turismegarrigues.com\/ca\/comarca\/oli\/rutadeloli\/\">La ruta de l&#8217;oli<\/a><li ><a href=\"https:\/\/www.turismegarrigues.com\/ca\/comarca\/oli\/cooperativesimolins\/\">Productors d\u2019oli<\/a><li ><a href=\"https:\/\/www.turismegarrigues.com\/ca\/comarca\/oli\/elaboracio\/\">Elaboraci\u00f3 de l&#8217;oli<\/a><li ><a href=\"https:\/\/www.turismegarrigues.com\/ca\/comarca\/oli\/experiencies-oleoturistiques\/\">Experi\u00e8ncies Oleotur\u00edstiques<\/a><\/ul><\/div><\/div>\n\t\t\t\t\t\t<\/div>\n\t\t\t\t<\/div>\n\t\t\t\t\t<\/div>\n\t\t<\/div>\n\t\t\t\t\t<\/div>\n\t\t<\/section>\n\t\t\t\t<section class=\"elementor-section elementor-top-section elementor-element elementor-element-a63aa04 elementor-section-boxed elementor-section-height-default elementor-section-height-default\" data-id=\"a63aa04\" data-element_type=\"section\" data-e-type=\"section\" data-settings=\"{&quot;_ob_glider_is_slider&quot;:&quot;no&quot;}\">\n\t\t\t\t\t\t<div class=\"elementor-container elementor-column-gap-default\">\n\t\t\t\t\t<div class=\"elementor-column elementor-col-33 elementor-top-column elementor-element elementor-element-8dc116f\" data-id=\"8dc116f\" data-element_type=\"column\" data-e-type=\"column\" data-settings=\"{&quot;_ob_column_hoveranimator&quot;:&quot;no&quot;,&quot;_ob_column_has_pseudo&quot;:&quot;no&quot;}\">\n\t\t\t<div class=\"elementor-widget-wrap elementor-element-populated\">\n\t\t\t\t\t\t<div class=\"elementor-element elementor-element-b012013 dce_masking-none ob-has-background-overlay elementor-widget elementor-widget-image\" data-id=\"b012013\" data-element_type=\"widget\" data-e-type=\"widget\" data-settings=\"{&quot;sticky&quot;:&quot;top&quot;,&quot;sticky_on&quot;:[&quot;desktop&quot;,&quot;tablet&quot;],&quot;sticky_offset&quot;:120,&quot;sticky_parent&quot;:&quot;yes&quot;,&quot;_ob_photomorph_use&quot;:&quot;no&quot;,&quot;_ob_widget_stalker_use&quot;:&quot;no&quot;,&quot;sticky_effects_offset&quot;:0,&quot;sticky_anchor_link_offset&quot;:0,&quot;_ob_poopart_use&quot;:&quot;yes&quot;,&quot;_ob_shadough_use&quot;:&quot;no&quot;,&quot;_ob_allow_hoveranimator&quot;:&quot;no&quot;}\" data-widget_type=\"image.default\">\n\t\t\t\t<div class=\"elementor-widget-container\">\n\t\t\t\t\t\t\t\t\t\t\t\t\t\t\t\t<a href=\"https:\/\/www.turismegarrigues.com\/wp-content\/uploads\/olidolivavergeextra.jpg\" data-elementor-open-lightbox=\"yes\" data-e-action-hash=\"#elementor-action%3Aaction%3Dlightbox%26settings%3DeyJpZCI6MTU5OSwidXJsIjoiaHR0cHM6XC9cL3d3dy50dXJpc21lZ2FycmlndWVzLmNvbVwvd3AtY29udGVudFwvdXBsb2Fkc1wvb2xpZG9saXZhdmVyZ2VleHRyYS5qcGcifQ%3D%3D\">\n\t\t\t\t\t\t\t<img fetchpriority=\"high\" decoding=\"async\" width=\"640\" height=\"474\" src=\"https:\/\/www.turismegarrigues.com\/wp-content\/uploads\/olidolivavergeextra.jpg\" class=\"attachment-large size-large wp-image-1599\" alt=\"\" \/>\t\t\t\t\t\t\t\t<\/a>\n\t\t\t\t\t\t\t\t\t\t\t\t\t\t\t<\/div>\n\t\t\t\t<\/div>\n\t\t\t\t\t<\/div>\n\t\t<\/div>\n\t\t\t\t<div class=\"elementor-column elementor-col-66 elementor-top-column elementor-element elementor-element-612fdbe\" data-id=\"612fdbe\" data-element_type=\"column\" data-e-type=\"column\" data-settings=\"{&quot;_ob_column_hoveranimator&quot;:&quot;no&quot;,&quot;_ob_column_has_pseudo&quot;:&quot;no&quot;}\">\n\t\t\t<div class=\"elementor-widget-wrap elementor-element-populated\">\n\t\t\t\t\t\t<div class=\"elementor-element elementor-element-457142e ob-harakiri-inherit ob-has-background-overlay elementor-widget elementor-widget-text-editor\" data-id=\"457142e\" data-element_type=\"widget\" data-e-type=\"widget\" data-settings=\"{&quot;_ob_use_harakiri&quot;:&quot;yes&quot;,&quot;_ob_harakiri_writing_mode&quot;:&quot;inherit&quot;,&quot;_ob_postman_use&quot;:&quot;no&quot;,&quot;_ob_widget_stalker_use&quot;:&quot;no&quot;,&quot;_ob_poopart_use&quot;:&quot;yes&quot;,&quot;_ob_shadough_use&quot;:&quot;no&quot;,&quot;_ob_allow_hoveranimator&quot;:&quot;no&quot;}\" data-widget_type=\"text-editor.default\">\n\t\t\t\t<div class=\"elementor-widget-container\">\n\t\t\t\t\t\t\t\t\t<p>La comarca de les Garrigues, per la manca de regs i les condicions del seu relleu, s&#8217;ha vist en la necessitat d&#8217;especialitzar-se en el cultiu dels conreus t\u00edpics de sec\u00e0: cereals, vinya, ametllers i, sens dubte, el m\u00e9s tradicional i caracter\u00edstic, l&#8217;olivera.<\/p>\n<p>Aqu\u00ed \u00e9s on es produeix el millor oli del m\u00f3n, el qual s&#8217;obt\u00e9 de la varietat de l&#8217;oliva arbequina.<\/p>\n<p>El conreu de l&#8217;olivera, la seva collita i tot el proc\u00e9s gaireb\u00e9 artesanal de la seva elaboraci\u00f3 constitueixen un atractiu tur\u00edstic per si sol. La visita a qualsevol mol\u00ed i a les seves cooperatives del camp en els pobles productors constitueix una experi\u00e8ncia notable. S&#8217;hi afegeix, no ho cal dir, la possibilitat d&#8217;adquirir uns quants litres d&#8217;aquest l\u00edquid preuat, i s&#8217;obre la possibilitat de deambular per aquests pobles d&#8217;una serena i assossegada vell\u00faria, testimonis d&#8217;una passada esplendor, que conserven una gran dignitat i un component senyor\u00edvol.<\/p>\n<p>Avui ens hem adonat que b\u00e0sicament l&#8217;oli d&#8217;oliva verge extra \u00e9s el que ens d\u00f3na m\u00e9s satisfaccions a la cuina, utilitzat tant en cru en diferents vinagretes que tan de moda estan, com tamb\u00e9 en diferents cuinats. Ha arribat el moment que es torna a valorar l&#8217;oli d&#8217;oliva com es mereix.<\/p>\n<p>Cal assenyalar que aquest oli \u00e9s el que m\u00e9s ressalta les virtuts gastron\u00f2miques i arom\u00e0tiques dels aliments.<\/p>\n<p>L&#8217;oli d&#8217;oliva verge extra, elaborat amb olives arbequines, \u00e9s un oli d&#8217;extraordin\u00e0ries propietats culin\u00e0ries, diet\u00e8tiques i medicinals. A m\u00e9s, les seves caracter\u00edstiques organol\u00e8ptiques fan que sigui apreciat internacionalment, ja que el seu fruitat d&#8217;oliva i el seu sabor suau el configuren idoni per al consum en cru, \u00e9s a dir, en amanides, torrades, pa amb tomata, etc.<\/p>\n<p>Recol\u00b7lectat i produ\u00eft en forma completament artesanal, \u00e9s l&#8217;oli ideal perqu\u00e8:<\/p>\n<ul>\n<li>preveu les afeccions card\u00edaques;<\/li>\n<li>no t\u00e9 colesterol;<\/li>\n<li>cont\u00e9 vitamines A, D, E, F, i K;<\/li>\n<li>facilita la digesti\u00f3.<\/li>\n<\/ul>\n<p>A m\u00e9s, s&#8217;obt\u00e9 naturalment, sense cap procediment qu\u00edmic, i sense addici\u00f3 de colorants o conservants.<\/p>\n<p>Aix\u00ed doncs, podem afirmar que l&#8217;oli d&#8217;oliva que es fa a les cooperatives i molins particulars de la nostra comarca \u00e9s l&#8217;oli d&#8217;oliva verge, el bo, el natural, el que s&#8217;obt\u00e9 esprement les olives sense cap m\u00e9s manipulaci\u00f3.<\/p>\n<p>Els oli verges catalans emprats per la denominaci\u00f3 d&#8217;origen, com s\u00f3n els olis tipus les Garrigues amb DO les Garrigues, s\u00f3n olis exigents i han de presentar una acidesa m\u00e0xima de 0&#8217;5 graus. Cal assenyalar que aquestes acideses naturals tan baixes nom\u00e9s s&#8217;obtenen amb una gran proporci\u00f3 d&#8217;oliveres de la varietat arbequina, que \u00e9s la que fa l&#8217;oli m\u00e9s fi i amb menys acidesa, i amb un acurat proc\u00e9s de recol\u00b7lecci\u00f3 i d&#8217;elaboraci\u00f3.<\/p>\t\t\t\t\t\t\t\t<\/div>\n\t\t\t\t<\/div>\n\t\t\t\t\t<\/div>\n\t\t<\/div>\n\t\t\t\t\t<\/div>\n\t\t<\/section>\n\t\t\t\t<\/div>\n\t\t","protected":false},"excerpt":{"rendered":"<p>La comarca de les Garrigues, per la manca de regs i les condicions del seu relleu, s&#8217;ha vist en la necessitat d&#8217;especialitzar-se en el cultiu dels conreus t\u00edpics de sec\u00e0: cereals, vinya, ametllers i, sens dubte, el m\u00e9s tradicional i caracter\u00edstic, l&#8217;olivera. Aqu\u00ed \u00e9s on es produeix el millor oli del m\u00f3n, el qual s&#8217;obt\u00e9 [&hellip;]<\/p>\n","protected":false},"author":2,"featured_media":0,"parent":30,"menu_order":1,"comment_status":"closed","ping_status":"closed","template":"","meta":{"footnotes":""},"class_list":["post-41","page","type-page","status-publish","hentry"],"_links":{"self":[{"href":"https:\/\/www.turismegarrigues.com\/ca\/wp-json\/wp\/v2\/pages\/41","targetHints":{"allow":["GET"]}}],"collection":[{"href":"https:\/\/www.turismegarrigues.com\/ca\/wp-json\/wp\/v2\/pages"}],"about":[{"href":"https:\/\/www.turismegarrigues.com\/ca\/wp-json\/wp\/v2\/types\/page"}],"author":[{"embeddable":true,"href":"https:\/\/www.turismegarrigues.com\/ca\/wp-json\/wp\/v2\/users\/2"}],"replies":[{"embeddable":true,"href":"https:\/\/www.turismegarrigues.com\/ca\/wp-json\/wp\/v2\/comments?post=41"}],"version-history":[{"count":0,"href":"https:\/\/www.turismegarrigues.com\/ca\/wp-json\/wp\/v2\/pages\/41\/revisions"}],"up":[{"embeddable":true,"href":"https:\/\/www.turismegarrigues.com\/ca\/wp-json\/wp\/v2\/pages\/30"}],"wp:attachment":[{"href":"https:\/\/www.turismegarrigues.com\/ca\/wp-json\/wp\/v2\/media?parent=41"}],"curies":[{"name":"wp","href":"https:\/\/api.w.org\/{rel}","templated":true}]}}