{"id":48,"date":"2021-01-18T08:45:40","date_gmt":"2021-01-18T08:45:40","guid":{"rendered":"https:\/\/temp.turismegarrigues.com\/?page_id=48"},"modified":"2021-11-24T13:38:12","modified_gmt":"2021-11-24T11:38:12","slug":"elaboracio","status":"publish","type":"page","link":"https:\/\/www.turismegarrigues.com\/ca\/comarca\/oli\/elaboracio\/","title":{"rendered":"Elaboraci\u00f3 de l&#8217;oli"},"content":{"rendered":"\t\t<div data-elementor-type=\"wp-page\" data-elementor-id=\"48\" class=\"elementor elementor-48\" data-elementor-post-type=\"page\">\n\t\t\t\t\t\t<section data-dce-background-overlay-image-url=\"https:\/\/www.turismegarrigues.com\/wp-content\/uploads\/BANNER-oli.jpg\" class=\"elementor-section elementor-top-section elementor-element elementor-element-8563ffb elementor-section-boxed elementor-section-height-default elementor-section-height-default\" data-id=\"8563ffb\" data-element_type=\"section\" data-e-type=\"section\" data-settings=\"{&quot;_ob_glider_is_slider&quot;:&quot;no&quot;}\">\n\t\t\t\t\t\t\t<div class=\"elementor-background-overlay\"><\/div>\n\t\t\t\t\t\t\t<div class=\"elementor-container elementor-column-gap-default\">\n\t\t\t\t\t<div class=\"elementor-column elementor-col-100 elementor-top-column elementor-element elementor-element-515b9df\" data-id=\"515b9df\" data-element_type=\"column\" data-e-type=\"column\" data-settings=\"{&quot;_ob_column_hoveranimator&quot;:&quot;no&quot;,&quot;_ob_column_has_pseudo&quot;:&quot;no&quot;}\">\n\t\t\t<div class=\"elementor-widget-wrap elementor-element-populated\">\n\t\t\t\t\t\t<div class=\"elementor-element elementor-element-ef673c7 elementor-widget__width-auto elementor-absolute ob-has-background-overlay elementor-widget elementor-widget-shortcode\" data-id=\"ef673c7\" data-element_type=\"widget\" data-e-type=\"widget\" data-settings=\"{&quot;_position&quot;:&quot;absolute&quot;,&quot;_ob_widget_stalker_use&quot;:&quot;no&quot;,&quot;_ob_poopart_use&quot;:&quot;yes&quot;,&quot;_ob_shadough_use&quot;:&quot;no&quot;,&quot;_ob_allow_hoveranimator&quot;:&quot;no&quot;}\" data-widget_type=\"shortcode.default\">\n\t\t\t\t<div class=\"elementor-widget-container\">\n\t\t\t\t\t\t\t<div class=\"elementor-shortcode\"><div class=\"atribucio\">@turismelesgarrigues<\/div><\/div>\n\t\t\t\t\t\t<\/div>\n\t\t\t\t<\/div>\n\t\t\t\t<div class=\"elementor-element elementor-element-dfec68c ob-harakiri-inherit ob-has-background-overlay elementor-widget elementor-widget-heading\" data-id=\"dfec68c\" data-element_type=\"widget\" data-e-type=\"widget\" data-settings=\"{&quot;_ob_use_harakiri&quot;:&quot;yes&quot;,&quot;_ob_harakiri_writing_mode&quot;:&quot;inherit&quot;,&quot;_ob_harakiri_text_clip&quot;:&quot;none&quot;,&quot;_ob_widget_stalker_use&quot;:&quot;no&quot;,&quot;_ob_poopart_use&quot;:&quot;yes&quot;,&quot;_ob_shadough_use&quot;:&quot;no&quot;,&quot;_ob_allow_hoveranimator&quot;:&quot;no&quot;}\" data-widget_type=\"heading.default\">\n\t\t\t\t<div class=\"elementor-widget-container\">\n\t\t\t\t\t<h1 class=\"elementor-heading-title elementor-size-default\">Oli<\/h1>\t\t\t\t<\/div>\n\t\t\t\t<\/div>\n\t\t\t\t<div class=\"elementor-element elementor-element-1ff6525 ob-harakiri-inherit ob-has-background-overlay elementor-widget elementor-widget-heading\" data-id=\"1ff6525\" data-element_type=\"widget\" data-e-type=\"widget\" data-settings=\"{&quot;_ob_use_harakiri&quot;:&quot;yes&quot;,&quot;_ob_harakiri_writing_mode&quot;:&quot;inherit&quot;,&quot;_ob_harakiri_text_clip&quot;:&quot;none&quot;,&quot;_ob_widget_stalker_use&quot;:&quot;no&quot;,&quot;_ob_poopart_use&quot;:&quot;yes&quot;,&quot;_ob_shadough_use&quot;:&quot;no&quot;,&quot;_ob_allow_hoveranimator&quot;:&quot;no&quot;}\" data-widget_type=\"heading.default\">\n\t\t\t\t<div class=\"elementor-widget-container\">\n\t\t\t\t\t<h2 class=\"elementor-heading-title elementor-size-default\">Elaboraci\u00f3 de l&#8217;oli<\/h2>\t\t\t\t<\/div>\n\t\t\t\t<\/div>\n\t\t\t\t<div class=\"elementor-element elementor-element-26487dc ob-has-background-overlay elementor-widget elementor-widget-shortcode\" data-id=\"26487dc\" data-element_type=\"widget\" data-e-type=\"widget\" data-settings=\"{&quot;_ob_widget_stalker_use&quot;:&quot;no&quot;,&quot;_ob_poopart_use&quot;:&quot;yes&quot;,&quot;_ob_shadough_use&quot;:&quot;no&quot;,&quot;_ob_allow_hoveranimator&quot;:&quot;no&quot;}\" data-widget_type=\"shortcode.default\">\n\t\t\t\t<div class=\"elementor-widget-container\">\n\t\t\t\t\t\t\t<div class=\"elementor-shortcode\"><div><ul id=\"tabmenu\"><li ><a href=\"https:\/\/www.turismegarrigues.com\/ca\/comarca\/oli\/olidoliva\/\">L&#8217;oli d&#8217;oliva verge extra<\/a><li ><a href=\"https:\/\/www.turismegarrigues.com\/ca\/comarca\/oli\/rutadeloli\/\">La ruta de l&#8217;oli<\/a><li ><a href=\"https:\/\/www.turismegarrigues.com\/ca\/comarca\/oli\/cooperativesimolins\/\">Productors d\u2019oli<\/a><li class=\"selected\"><a href=\"https:\/\/www.turismegarrigues.com\/ca\/comarca\/oli\/elaboracio\/\">Elaboraci\u00f3 de l&#8217;oli<\/a><li ><a href=\"https:\/\/www.turismegarrigues.com\/ca\/comarca\/oli\/experiencies-oleoturistiques\/\">Experi\u00e8ncies Oleotur\u00edstiques<\/a><\/ul><\/div><\/div>\n\t\t\t\t\t\t<\/div>\n\t\t\t\t<\/div>\n\t\t\t\t\t<\/div>\n\t\t<\/div>\n\t\t\t\t\t<\/div>\n\t\t<\/section>\n\t\t\t\t<section class=\"elementor-section elementor-top-section elementor-element elementor-element-740810d elementor-section-boxed elementor-section-height-default elementor-section-height-default\" data-id=\"740810d\" data-element_type=\"section\" data-e-type=\"section\" data-settings=\"{&quot;_ob_glider_is_slider&quot;:&quot;no&quot;}\">\n\t\t\t\t\t\t<div class=\"elementor-container elementor-column-gap-default\">\n\t\t\t\t\t<div class=\"elementor-column elementor-col-33 elementor-top-column elementor-element elementor-element-88891f8\" data-id=\"88891f8\" data-element_type=\"column\" data-e-type=\"column\" data-settings=\"{&quot;_ob_column_hoveranimator&quot;:&quot;no&quot;,&quot;_ob_column_has_pseudo&quot;:&quot;no&quot;}\">\n\t\t\t<div class=\"elementor-widget-wrap elementor-element-populated\">\n\t\t\t\t\t\t<div class=\"elementor-element elementor-element-c73b167 dce_masking-none ob-has-background-overlay elementor-widget elementor-widget-image\" data-id=\"c73b167\" data-element_type=\"widget\" data-e-type=\"widget\" data-settings=\"{&quot;sticky&quot;:&quot;top&quot;,&quot;sticky_on&quot;:[&quot;desktop&quot;,&quot;tablet&quot;],&quot;sticky_offset&quot;:120,&quot;sticky_parent&quot;:&quot;yes&quot;,&quot;_ob_photomorph_use&quot;:&quot;no&quot;,&quot;_ob_widget_stalker_use&quot;:&quot;no&quot;,&quot;sticky_effects_offset&quot;:0,&quot;sticky_anchor_link_offset&quot;:0,&quot;_ob_poopart_use&quot;:&quot;yes&quot;,&quot;_ob_shadough_use&quot;:&quot;no&quot;,&quot;_ob_allow_hoveranimator&quot;:&quot;no&quot;}\" data-widget_type=\"image.default\">\n\t\t\t\t<div class=\"elementor-widget-container\">\n\t\t\t\t\t\t\t\t\t\t\t\t\t\t\t\t<a href=\"https:\/\/www.turismegarrigues.com\/wp-content\/uploads\/elaboraciodeloli.jpg\" data-elementor-open-lightbox=\"yes\" data-e-action-hash=\"#elementor-action%3Aaction%3Dlightbox%26settings%3DeyJpZCI6MTYzNSwidXJsIjoiaHR0cHM6XC9cL3d3dy50dXJpc21lZ2FycmlndWVzLmNvbVwvd3AtY29udGVudFwvdXBsb2Fkc1wvZWxhYm9yYWNpb2RlbG9saS5qcGcifQ%3D%3D\">\n\t\t\t\t\t\t\t<img fetchpriority=\"high\" decoding=\"async\" width=\"1024\" height=\"681\" src=\"https:\/\/www.turismegarrigues.com\/wp-content\/uploads\/elaboraciodeloli.jpg\" class=\"attachment-large size-large wp-image-1635\" alt=\"\" srcset=\"https:\/\/www.turismegarrigues.com\/wp-content\/uploads\/elaboraciodeloli.jpg 1024w, https:\/\/www.turismegarrigues.com\/wp-content\/uploads\/elaboraciodeloli-768x511.jpg 768w\" sizes=\"(max-width: 1024px) 100vw, 1024px\" \/>\t\t\t\t\t\t\t\t<\/a>\n\t\t\t\t\t\t\t\t\t\t\t\t\t\t\t<\/div>\n\t\t\t\t<\/div>\n\t\t\t\t\t<\/div>\n\t\t<\/div>\n\t\t\t\t<div class=\"elementor-column elementor-col-66 elementor-top-column elementor-element elementor-element-f1bd937\" data-id=\"f1bd937\" data-element_type=\"column\" data-e-type=\"column\" data-settings=\"{&quot;_ob_column_hoveranimator&quot;:&quot;no&quot;,&quot;_ob_column_has_pseudo&quot;:&quot;no&quot;}\">\n\t\t\t<div class=\"elementor-widget-wrap elementor-element-populated\">\n\t\t\t\t\t\t<div class=\"elementor-element elementor-element-a79d2b2 ob-harakiri-inherit ob-has-background-overlay elementor-widget elementor-widget-text-editor\" data-id=\"a79d2b2\" data-element_type=\"widget\" data-e-type=\"widget\" data-settings=\"{&quot;_ob_use_harakiri&quot;:&quot;yes&quot;,&quot;_ob_harakiri_writing_mode&quot;:&quot;inherit&quot;,&quot;_ob_postman_use&quot;:&quot;no&quot;,&quot;_ob_widget_stalker_use&quot;:&quot;no&quot;,&quot;_ob_poopart_use&quot;:&quot;yes&quot;,&quot;_ob_shadough_use&quot;:&quot;no&quot;,&quot;_ob_allow_hoveranimator&quot;:&quot;no&quot;}\" data-widget_type=\"text-editor.default\">\n\t\t\t\t<div class=\"elementor-widget-container\">\n\t\t\t\t\t\t\t\t\t<p>La preparaci\u00f3 de la pasta compr\u00e8n dues fases fonamentals: la m\u00f2lta i la batuda.<\/p>\n<p>L&#8217;objectiu de la m\u00f2lta \u00e9s trencar els teixits vegetals i alliberar les gotetes d&#8217;oli que es troben entre aquests teixits de la polpa.<\/p>\n<p>Aquesta operaci\u00f3 es pot fer amb les cl\u00e0ssiques curres o pedres, o amb molins met\u00e0l\u00b7lics que normalment s\u00f3n de martell.<\/p>\n<p>L&#8217;objectiu de la batuda \u00e9s posar en contacte les petites gotetes d&#8217;oli perqu\u00e8 es vagin formant gotes cada cop m\u00e9s grosses, fins a tenir una fase cont\u00ednua d&#8217;oli. Amb aquesta finalitat s&#8217;utilitzen les batedores, les quals voltegen i mouen lentament la pasta, i posen en contacte unes gotes amb les altres.<\/p>\n<p>Una vegada preparada la pasta, cal separar els diferents elements que la componen: per una banda, la fase l\u00edquida (oli i aig\u00fces de vegetaci\u00f3); i, per l&#8217;altra, la fase s\u00f2lida (pinyolada).<\/p>\n<p>La manera de separar aquestes dues fases \u00e9s la principal difer\u00e8ncia que hi ha entre els sistemes d&#8217;extracci\u00f3.<br>Aquesta extracci\u00f3 es pot fer mitjan\u00e7ant l&#8217;aplicaci\u00f3 de pressi\u00f3 a la pasta (sistema tradicional o premsat), o b\u00e9 aplicant-hi una for\u00e7a centr\u00edfuga (centrifugaci\u00f3 que s&#8217;aplica en els sistemes continus).<\/p>\n<p>Un cop separats els s\u00f2lids dels l\u00edquids, cal acabar el proc\u00e9s amb la separaci\u00f3 dels que componen la fase l\u00edquida, \u00e9s a dir, l&#8217;oli per una banda, i les morques (aig\u00fces de vegetaci\u00f3 per l&#8217;altra.<\/p>\n<p>Aquesta separaci\u00f3 pot fer-se per decantaci\u00f3 o per centrifugaci\u00f3.<\/p>\n<p>El sistema de la separaci\u00f3 de las fases l\u00edquides per decantaci\u00f3 s&#8217;utilitza preferentment en els sistemes tradicionals.<\/p>\n<p>La decantaci\u00f3 pr\u00f2piament dita consisteix en la separaci\u00f3 de l&#8217;oli i la morca, en virtut de la diferencia de densitats que hi ha entre ambd\u00f3s.<\/p>\n<p>Per aconseguir aquesta separaci\u00f3, cal que l&#8217;oli vagi passant de forma successiva per una s\u00e8rie de bassetes de decantaci\u00f3. D&#8217;aquesta forma, es van dipositant els s\u00f2lids m\u00e9s fins i es fa separaci\u00f3 entre l&#8217;oli i la morca.<\/p>\n<p>L&#8217;altre sistema de separaci\u00f3 de les fases l\u00edquides \u00e9s per centrifugaci\u00f3 i s&#8217;utilitza tant en el sistema continu com, \u00faltimament, en el sistema tradicional. Consisteix, tamb\u00e9, en una separaci\u00f3 de l&#8217;oli i la morca per la difer\u00e8ncia de densitat i l&#8217;aplicaci\u00f3 d&#8217;una for\u00e7a centr\u00edfuga, que fa que aquesta separaci\u00f3 sigui m\u00e9s r\u00e0pida.<\/p>\n<p>Com ja hem dit abans l&#8217;oli que surt dels nostres molins \u00e9s l&#8217;oli d&#8217;oliva verge extra, l&#8217;oli que s&#8217;obt\u00e9 esprement les olives sense cap manipulaci\u00f3.<\/p>\t\t\t\t\t\t\t\t<\/div>\n\t\t\t\t<\/div>\n\t\t\t\t\t<\/div>\n\t\t<\/div>\n\t\t\t\t\t<\/div>\n\t\t<\/section>\n\t\t\t\t<\/div>\n\t\t","protected":false},"excerpt":{"rendered":"<p>La preparaci\u00f3 de la pasta compr\u00e8n dues fases fonamentals: la m\u00f2lta i la batuda. L&#8217;objectiu de la m\u00f2lta \u00e9s trencar els teixits vegetals i alliberar les gotetes d&#8217;oli que es troben entre aquests teixits de la polpa. Aquesta operaci\u00f3 es pot fer amb les cl\u00e0ssiques curres o pedres, o amb molins met\u00e0l\u00b7lics que normalment s\u00f3n [&hellip;]<\/p>\n","protected":false},"author":2,"featured_media":0,"parent":30,"menu_order":4,"comment_status":"closed","ping_status":"closed","template":"","meta":{"footnotes":""},"class_list":["post-48","page","type-page","status-publish","hentry"],"_links":{"self":[{"href":"https:\/\/www.turismegarrigues.com\/ca\/wp-json\/wp\/v2\/pages\/48","targetHints":{"allow":["GET"]}}],"collection":[{"href":"https:\/\/www.turismegarrigues.com\/ca\/wp-json\/wp\/v2\/pages"}],"about":[{"href":"https:\/\/www.turismegarrigues.com\/ca\/wp-json\/wp\/v2\/types\/page"}],"author":[{"embeddable":true,"href":"https:\/\/www.turismegarrigues.com\/ca\/wp-json\/wp\/v2\/users\/2"}],"replies":[{"embeddable":true,"href":"https:\/\/www.turismegarrigues.com\/ca\/wp-json\/wp\/v2\/comments?post=48"}],"version-history":[{"count":0,"href":"https:\/\/www.turismegarrigues.com\/ca\/wp-json\/wp\/v2\/pages\/48\/revisions"}],"up":[{"embeddable":true,"href":"https:\/\/www.turismegarrigues.com\/ca\/wp-json\/wp\/v2\/pages\/30"}],"wp:attachment":[{"href":"https:\/\/www.turismegarrigues.com\/ca\/wp-json\/wp\/v2\/media?parent=48"}],"curies":[{"name":"wp","href":"https:\/\/api.w.org\/{rel}","templated":true}]}}