{"id":8347,"date":"2021-01-18T08:46:43","date_gmt":"2021-01-18T08:46:43","guid":{"rendered":"https:\/\/temp.turismegarrigues.com\/politicadeprivacitat\/"},"modified":"2021-03-02T17:23:50","modified_gmt":"2021-03-02T17:23:50","slug":"politica-de-privacidad","status":"publish","type":"page","link":"https:\/\/www.turismegarrigues.com\/es\/politica-de-privacidad\/","title":{"rendered":"Pol\u00edtica de privacidad"},"content":{"rendered":"\t\t<div data-elementor-type=\"wp-page\" data-elementor-id=\"8347\" class=\"elementor elementor-8347 elementor-54\" data-elementor-post-type=\"page\">\n\t\t\t\t\t\t<section data-dce-background-overlay-image-url=\"https:\/\/www.turismegarrigues.com\/wp-content\/uploads\/BANNER-comarca-info.jpg\" class=\"elementor-section elementor-top-section elementor-element elementor-element-5147b69 elementor-section-boxed elementor-section-height-default elementor-section-height-default\" data-id=\"5147b69\" data-element_type=\"section\" data-e-type=\"section\" data-settings=\"{&quot;_ob_glider_is_slider&quot;:&quot;no&quot;}\">\n\t\t\t\t\t\t\t<div class=\"elementor-background-overlay\"><\/div>\n\t\t\t\t\t\t\t<div class=\"elementor-container elementor-column-gap-default\">\n\t\t\t\t\t<div class=\"elementor-column elementor-col-100 elementor-top-column elementor-element elementor-element-af3dc49\" data-id=\"af3dc49\" data-element_type=\"column\" data-e-type=\"column\" data-settings=\"{&quot;_ob_column_hoveranimator&quot;:&quot;no&quot;,&quot;_ob_column_has_pseudo&quot;:&quot;no&quot;}\">\n\t\t\t<div class=\"elementor-widget-wrap elementor-element-populated\">\n\t\t\t\t\t\t<div class=\"elementor-element elementor-element-c293467 elementor-widget__width-auto elementor-absolute ob-has-background-overlay elementor-widget elementor-widget-shortcode\" data-id=\"c293467\" data-element_type=\"widget\" data-e-type=\"widget\" data-settings=\"{&quot;_position&quot;:&quot;absolute&quot;,&quot;_ob_widget_stalker_use&quot;:&quot;no&quot;,&quot;_ob_poopart_use&quot;:&quot;yes&quot;,&quot;_ob_shadough_use&quot;:&quot;no&quot;,&quot;_ob_allow_hoveranimator&quot;:&quot;no&quot;}\" data-widget_type=\"shortcode.default\">\n\t\t\t\t<div class=\"elementor-widget-container\">\n\t\t\t\t\t\t\t<div class=\"elementor-shortcode\"><\/div>\n\t\t\t\t\t\t<\/div>\n\t\t\t\t<\/div>\n\t\t\t\t<div class=\"elementor-element elementor-element-ced3a34 ob-harakiri-inherit ob-has-background-overlay elementor-widget elementor-widget-heading\" data-id=\"ced3a34\" data-element_type=\"widget\" data-e-type=\"widget\" data-settings=\"{&quot;_ob_use_harakiri&quot;:&quot;yes&quot;,&quot;_ob_harakiri_writing_mode&quot;:&quot;inherit&quot;,&quot;_ob_harakiri_text_clip&quot;:&quot;none&quot;,&quot;_ob_widget_stalker_use&quot;:&quot;no&quot;,&quot;_ob_poopart_use&quot;:&quot;yes&quot;,&quot;_ob_shadough_use&quot;:&quot;no&quot;,&quot;_ob_allow_hoveranimator&quot;:&quot;no&quot;}\" data-widget_type=\"heading.default\">\n\t\t\t\t<div class=\"elementor-widget-container\">\n\t\t\t\t\t<h1 class=\"elementor-heading-title elementor-size-default\">Pol\u00edtica de privacidad<\/h1>\t\t\t\t<\/div>\n\t\t\t\t<\/div>\n\t\t\t\t<div class=\"elementor-element elementor-element-272e405 ob-has-background-overlay elementor-widget elementor-widget-shortcode\" data-id=\"272e405\" data-element_type=\"widget\" data-e-type=\"widget\" data-settings=\"{&quot;_ob_widget_stalker_use&quot;:&quot;no&quot;,&quot;_ob_poopart_use&quot;:&quot;yes&quot;,&quot;_ob_shadough_use&quot;:&quot;no&quot;,&quot;_ob_allow_hoveranimator&quot;:&quot;no&quot;}\" data-widget_type=\"shortcode.default\">\n\t\t\t\t<div class=\"elementor-widget-container\">\n\t\t\t\t\t\t\t<div class=\"elementor-shortcode\"><\/div>\n\t\t\t\t\t\t<\/div>\n\t\t\t\t<\/div>\n\t\t\t\t\t<\/div>\n\t\t<\/div>\n\t\t\t\t\t<\/div>\n\t\t<\/section>\n\t\t\t\t<section class=\"elementor-section elementor-top-section elementor-element elementor-element-3e6a37f elementor-section-boxed elementor-section-height-default elementor-section-height-default\" data-id=\"3e6a37f\" data-element_type=\"section\" data-e-type=\"section\" data-settings=\"{&quot;_ob_glider_is_slider&quot;:&quot;no&quot;}\">\n\t\t\t\t\t\t<div class=\"elementor-container elementor-column-gap-default\">\n\t\t\t\t\t<div class=\"elementor-column elementor-col-100 elementor-top-column elementor-element elementor-element-7313415\" data-id=\"7313415\" data-element_type=\"column\" data-e-type=\"column\" data-settings=\"{&quot;_ob_column_hoveranimator&quot;:&quot;no&quot;,&quot;_ob_column_has_pseudo&quot;:&quot;no&quot;}\">\n\t\t\t<div class=\"elementor-widget-wrap elementor-element-populated\">\n\t\t\t\t\t\t<div class=\"elementor-element elementor-element-528bb0b ob-harakiri-inherit ob-has-background-overlay elementor-widget elementor-widget-text-editor\" data-id=\"528bb0b\" data-element_type=\"widget\" data-e-type=\"widget\" data-settings=\"{&quot;_ob_use_harakiri&quot;:&quot;yes&quot;,&quot;_ob_harakiri_writing_mode&quot;:&quot;inherit&quot;,&quot;_ob_postman_use&quot;:&quot;no&quot;,&quot;_ob_widget_stalker_use&quot;:&quot;no&quot;,&quot;_ob_poopart_use&quot;:&quot;yes&quot;,&quot;_ob_shadough_use&quot;:&quot;no&quot;,&quot;_ob_allow_hoveranimator&quot;:&quot;no&quot;}\" data-widget_type=\"text-editor.default\">\n\t\t\t\t<div class=\"elementor-widget-container\">\n\t\t\t\t\t\t\t\t\t<p><strong>TERMES I CONDICIONS<\/strong><br \/><br \/>L&#8217;acc\u00e9s i navegaci\u00f3 en aquest p\u00e0gina web suposa acceptar i con\u00e8ixer els advertiments legals, les condicions i els termes d&#8217;\u00fas que cont\u00e9.<br \/><br \/>\u00danicament es troben compreses en aquesta p\u00e0gina web aquelles que figuren dintre del mapaweb.<br \/><br \/>L&#8217;acc\u00e9s a la p\u00e0gina web \u00e9s responsabilitat exclusiva dels usuaris. En cap cas suposa entaular cap tipus de relaci\u00f3 entre l&#8217;usuari de la p\u00e0gina web i l&#8217;Ajuntament.<br \/><br \/>El Consell Comarcal dels Garrigues es reserva la facultat de modificar unilateralment les condicions i els termes d&#8217;\u00fas d&#8217;aquesta p\u00e0gina web. Qualsevol modificaci\u00f3 s&#8217;anunciar\u00e0 convenientment. L&#8217;entrada en vigor de les modificacions de les condicions d&#8217;\u00fas es produir\u00e0 des del moment de la seva publicaci\u00f3 en aquesta p\u00e0gina web.<br \/><br \/><strong>CONTINGUTS<\/strong><br \/><br \/>La informaci\u00f3 que apareix en aquesta p\u00e0gina web \u00e9s la vigent en la data de la seva \u00faltima actualitzaci\u00f3. La informaci\u00f3 administrativa facilitada a trav\u00e9s d&#8217;aquesta p\u00e0gina web no substitueix la publicitat i textos legals que hagin de publicar-se formalment en els butlletins oficials corresponents, l&#8217;edici\u00f3 impresa dels quals \u00e9s l&#8217;\u00fanic instrument que d\u00f3na fe de la seva autenticitat i contingut.<br \/><br \/>El Consell Comarcal de les Garrigues realitza els m\u00e0xims esfor\u00e7os per evitar qualsevol error en els continguts que puguin apar\u00e8ixer en aquesta p\u00e0gina web. El Consell Comarcal de les Garrigues no garanteix ni es responsabilitza de les conseq\u00fc\u00e8ncies que puguin derivar-se dels errors en els continguts que puguin publicar-se que hagin estat proporcionats per tercers.<br \/><br \/>El Consell Comarcal dels Garrigues es reserva el dret a actualitzar, modificar o eliminar la informaci\u00f3 inclosa en aquesta p\u00e0gina web, i la pot limitar o no permetre-hi l&#8217;acc\u00e9s. El Consell Comarcal dels Garrigues realitza els m\u00e0xims esfor\u00e7os per evitar qualsevol error en els continguts que puin apar\u00e8ixer en la p\u00e0gina web. El Consell Comarcal dels Garrigues no garanteix ni es responsabilitza de les conseq\u00fc\u00e8ncies que puguin derivar-se dels errors en els continguts que puguin apar\u00e8ixer en el Consell Comarcal dels Garrigues proporcionats per tercers.<br \/><br \/><strong>PROPIETAT INTEL\u00b7LECTUAL I INDUSTRIAL<\/strong><br \/><br \/>Tant la p\u00e0gina web del Consell Comarcal dels Garrigues com els continguts que inclou estan protegits per les lleis de propietat intel\u00b7lectual, i no poden ser objecte d&#8217;explotaci\u00f3, reproducci\u00f3, distribuci\u00f3, modificaci\u00f3, comunicaci\u00f3 p\u00fablica, cessi\u00f3 o transformaci\u00f3. L&#8217;acc\u00e9s a la p\u00e0gina web del Consell Comarcal dels Garrigues no atorga als usuaris cap dret ni titularitat sobre els drets de propietat intel\u00b7lectual dels continguts publicats.<br \/><br \/>Queda prohibida la utilitzaci\u00f3 del nom comercial, les marques, el logotip, els productes i serveis inclosos en aquesta p\u00e0gina web per tercers que no tinguin l&#8217;autoritzaci\u00f3 dels seus titulars. El Consell Comarcal dels Garrigues es reserva la possibilitat d&#8217;exercir les accions judicials que corresponguin contra els usuaris que violin o infringeixin els drets de propietat intel\u00b7lectual i industrial.<br \/><br \/><strong>ENLLA\u00c7OS<\/strong><br \/><br \/>En cas que el Consell Comarcal de les Garrigues inclogui en aquesta p\u00e0gina web enlla\u00e7os a institucions i entitats p\u00fabliques i\/o privades d&#8217;inter\u00e8s per als usuaris, el Consell Comarcal de les Garrigues no es responsabilitza de cap manera d&#8217;aquells continguts, activitats, productes i serveis que puguin visualitzar-se a trav\u00e9s dels enlla\u00e7os esmentats. La pres\u00e8ncia d&#8217;enlla\u00e7os en la p\u00e0gina web del Consell Comarcal de les Garrigues, excepte si hi ha una manifestaci\u00f3 expressa en contra, t\u00e9 una finalitat merament informativa i en cap cas suposa suggeriment, invitaci\u00f3 o recomanaci\u00f3 sobre aquests enlla\u00e7os. El Consell Comarcal de les Garrigues es reserva el dret de retirar de manera unilateral i en qualsevol moment els enlla\u00e7os que apareixen en la seva p\u00e0gina web.<br \/><br \/>Si qualsevol usuari, entitat o lloc web desitja establir algun tipus d&#8217;enlla\u00e7 amb destinaci\u00f3 a aquesta p\u00e0gina web, ha d&#8217;atenir-se a les estipulacions seg\u00fcents:<br \/><br \/><\/p><ul><li>En la p\u00e0gina que estableix l&#8217;enlla\u00e7 no es pot declarar que s&#8217;hagi autoritzat, tret que el Consell Comarcal de les Garrigues ho hagi fet expressament i per escrit. Si l&#8217;entitat que realitza l&#8217;enlla\u00e7 des de la seva p\u00e0gina correctament desitja incloure en la seva p\u00e0gina web la marca, la denominaci\u00f3, el nom comercial, el r\u00e8tol, el logotip, l&#8217;eslogan o qualsevol altre tipus d&#8217;element identificatiu titularitat del Consell Comarcal de les Garrigues, ha de comptar pr\u00e8viament amb la seva autoritzaci\u00f3 expressa i per escrit.<\/li><li>El Consell Comarcal de les Garrigues no autoritza l&#8217;establiment d&#8217;enlla\u00e7os a aquesta p\u00e0gina web des d&#8217;aquelles que continguin materials, informaci\u00f3 o continguts il\u00b7l\u00edcits, il\u00b7legals, degradants, obscens i, en general, que contravinguin la moral, l&#8217;ordre p\u00fablic o les normes socials generalment acceptades.<\/li><\/ul><p><br \/>El Consell Comarcal de les Garrigues no t\u00e9 facultat ni mitjans humans i t\u00e8cnics per con\u00e8ixer, controlar ni aprovar tota la informaci\u00f3, els continguts, els productes o els serveis facilitats per altres llocs web que tinguin establerts enlla\u00e7os amb destinaci\u00f3 a la p\u00e0gina web del Consell Comarcal de les Garrigues. El Consell Comarcal de les Garrigues no assumeix cap tipus de responsabilitat per qualsevol informaci\u00f3 que pugui apar\u00e8ixer en les p\u00e0gines de l&#8217;origen de l&#8217;enlla\u00e7, en concret, sobre el seu funcionament, l&#8217;acc\u00e9s, les dades, la informaci\u00f3, els arxius, la qualitat i la fiabilitat dels seus productes i serveis, els seus propis enlla\u00e7os i\/o qualsevol dels seus continguts en general.<br \/><br \/><strong>PROTECCI\u00d3 DE DADES<\/strong><br \/><br \/>De conformitat amb la Llei org\u00e0nica 15\/1999, de 13 de desembre, de protecci\u00f3 de dades de car\u00e0cter personal, us informem que les dades de car\u00e0cter personal que heu proporcionat al Consell Comarcal dels Garrigues estan incloses en un fitxer automatitzat del qual \u00e9s responsable el Consell Comarcal dels Garrigues, necessaris per a la tramitaci\u00f3 de la vostra sol\u00b7licitud i\/o gesti\u00f3 municipal per part del Consell Comarcal dels Garrigues. Aix\u00ed mateix, us informem que podeu exercitar els drets d&#8217;acc\u00e9s, rectificaci\u00f3, cancel\u00b7laci\u00f3 i oposici\u00f3 de les dades facilitades mitjan\u00e7ant l&#8217;enviament d&#8217;una comunicaci\u00f3 per escrit a l&#8217;adre\u00e7a del Consell Comarcal.<\/p>\t\t\t\t\t\t\t\t<\/div>\n\t\t\t\t<\/div>\n\t\t\t\t\t<\/div>\n\t\t<\/div>\n\t\t\t\t\t<\/div>\n\t\t<\/section>\n\t\t\t\t<\/div>\n\t\t","protected":false},"excerpt":{"rendered":"<p>TERMES I CONDICIONS L&#8217;acc\u00e9s i navegaci\u00f3 en aquest p\u00e0gina web suposa acceptar i con\u00e8ixer els advertiments legals, les condicions i els termes d&#8217;\u00fas que cont\u00e9. \u00danicament es troben compreses en aquesta p\u00e0gina web aquelles que figuren dintre del mapaweb. L&#8217;acc\u00e9s a la p\u00e0gina web \u00e9s responsabilitat exclusiva dels usuaris. En cap cas suposa entaular cap [&hellip;]<\/p>\n","protected":false},"author":2,"featured_media":0,"parent":0,"menu_order":0,"comment_status":"closed","ping_status":"closed","template":"","meta":{"footnotes":""},"class_list":["post-8347","page","type-page","status-publish","hentry"],"_links":{"self":[{"href":"https:\/\/www.turismegarrigues.com\/es\/wp-json\/wp\/v2\/pages\/8347","targetHints":{"allow":["GET"]}}],"collection":[{"href":"https:\/\/www.turismegarrigues.com\/es\/wp-json\/wp\/v2\/pages"}],"about":[{"href":"https:\/\/www.turismegarrigues.com\/es\/wp-json\/wp\/v2\/types\/page"}],"author":[{"embeddable":true,"href":"https:\/\/www.turismegarrigues.com\/es\/wp-json\/wp\/v2\/users\/2"}],"replies":[{"embeddable":true,"href":"https:\/\/www.turismegarrigues.com\/es\/wp-json\/wp\/v2\/comments?post=8347"}],"version-history":[{"count":0,"href":"https:\/\/www.turismegarrigues.com\/es\/wp-json\/wp\/v2\/pages\/8347\/revisions"}],"wp:attachment":[{"href":"https:\/\/www.turismegarrigues.com\/es\/wp-json\/wp\/v2\/media?parent=8347"}],"curies":[{"name":"wp","href":"https:\/\/api.w.org\/{rel}","templated":true}]}}