{"id":8748,"date":"2021-01-18T08:44:38","date_gmt":"2021-01-18T07:44:38","guid":{"rendered":"https:\/\/temp.turismegarrigues.com\/comarca\/aceite\/rutadeloli\/"},"modified":"2021-03-02T16:39:05","modified_gmt":"2021-03-02T16:39:05","slug":"la-ruta-del-aceite","status":"publish","type":"page","link":"https:\/\/www.turismegarrigues.com\/es\/comarca\/aceite\/la-ruta-del-aceite\/","title":{"rendered":"La ruta del aceite"},"content":{"rendered":"\t\t<div data-elementor-type=\"wp-page\" data-elementor-id=\"8748\" class=\"elementor elementor-8748 elementor-43\" data-elementor-post-type=\"page\">\n\t\t\t\t\t\t<section data-dce-background-overlay-image-url=\"https:\/\/www.turismegarrigues.com\/wp-content\/uploads\/BANNER-oli.jpg\" class=\"elementor-section elementor-top-section elementor-element elementor-element-2636c38 elementor-section-boxed elementor-section-height-default elementor-section-height-default\" data-id=\"2636c38\" data-element_type=\"section\" data-e-type=\"section\" data-settings=\"{&quot;_ob_glider_is_slider&quot;:&quot;no&quot;}\">\n\t\t\t\t\t\t\t<div class=\"elementor-background-overlay\"><\/div>\n\t\t\t\t\t\t\t<div class=\"elementor-container elementor-column-gap-default\">\n\t\t\t\t\t<div class=\"elementor-column elementor-col-100 elementor-top-column elementor-element elementor-element-883e1f9\" data-id=\"883e1f9\" data-element_type=\"column\" data-e-type=\"column\" data-settings=\"{&quot;_ob_column_hoveranimator&quot;:&quot;no&quot;,&quot;_ob_column_has_pseudo&quot;:&quot;no&quot;}\">\n\t\t\t<div class=\"elementor-widget-wrap elementor-element-populated\">\n\t\t\t\t\t\t<div class=\"elementor-element elementor-element-007eef5 elementor-widget__width-auto elementor-absolute ob-has-background-overlay elementor-widget elementor-widget-shortcode\" data-id=\"007eef5\" data-element_type=\"widget\" data-e-type=\"widget\" data-settings=\"{&quot;_position&quot;:&quot;absolute&quot;,&quot;_ob_widget_stalker_use&quot;:&quot;no&quot;,&quot;_ob_poopart_use&quot;:&quot;yes&quot;,&quot;_ob_shadough_use&quot;:&quot;no&quot;,&quot;_ob_allow_hoveranimator&quot;:&quot;no&quot;}\" data-widget_type=\"shortcode.default\">\n\t\t\t\t<div class=\"elementor-widget-container\">\n\t\t\t\t\t\t\t<div class=\"elementor-shortcode\"><div class=\"atribucio\">@turismelesgarrigues<\/div><\/div>\n\t\t\t\t\t\t<\/div>\n\t\t\t\t<\/div>\n\t\t\t\t<div class=\"elementor-element elementor-element-2c0e294 ob-harakiri-inherit ob-has-background-overlay elementor-widget elementor-widget-heading\" data-id=\"2c0e294\" data-element_type=\"widget\" data-e-type=\"widget\" data-settings=\"{&quot;_ob_use_harakiri&quot;:&quot;yes&quot;,&quot;_ob_harakiri_writing_mode&quot;:&quot;inherit&quot;,&quot;_ob_harakiri_text_clip&quot;:&quot;none&quot;,&quot;_ob_widget_stalker_use&quot;:&quot;no&quot;,&quot;_ob_poopart_use&quot;:&quot;yes&quot;,&quot;_ob_shadough_use&quot;:&quot;no&quot;,&quot;_ob_allow_hoveranimator&quot;:&quot;no&quot;}\" data-widget_type=\"heading.default\">\n\t\t\t\t<div class=\"elementor-widget-container\">\n\t\t\t\t\t<h1 class=\"elementor-heading-title elementor-size-default\">Aceite<\/h1>\t\t\t\t<\/div>\n\t\t\t\t<\/div>\n\t\t\t\t<div class=\"elementor-element elementor-element-a998e50 ob-harakiri-inherit ob-has-background-overlay elementor-widget elementor-widget-heading\" data-id=\"a998e50\" data-element_type=\"widget\" data-e-type=\"widget\" data-settings=\"{&quot;_ob_use_harakiri&quot;:&quot;yes&quot;,&quot;_ob_harakiri_writing_mode&quot;:&quot;inherit&quot;,&quot;_ob_harakiri_text_clip&quot;:&quot;none&quot;,&quot;_ob_widget_stalker_use&quot;:&quot;no&quot;,&quot;_ob_poopart_use&quot;:&quot;yes&quot;,&quot;_ob_shadough_use&quot;:&quot;no&quot;,&quot;_ob_allow_hoveranimator&quot;:&quot;no&quot;}\" data-widget_type=\"heading.default\">\n\t\t\t\t<div class=\"elementor-widget-container\">\n\t\t\t\t\t<h2 class=\"elementor-heading-title elementor-size-default\">La ruta del aceite<\/h2>\t\t\t\t<\/div>\n\t\t\t\t<\/div>\n\t\t\t\t<div class=\"elementor-element elementor-element-8dc7921 ob-has-background-overlay elementor-widget elementor-widget-shortcode\" data-id=\"8dc7921\" data-element_type=\"widget\" data-e-type=\"widget\" data-settings=\"{&quot;_ob_widget_stalker_use&quot;:&quot;no&quot;,&quot;_ob_poopart_use&quot;:&quot;yes&quot;,&quot;_ob_shadough_use&quot;:&quot;no&quot;,&quot;_ob_allow_hoveranimator&quot;:&quot;no&quot;}\" data-widget_type=\"shortcode.default\">\n\t\t\t\t<div class=\"elementor-widget-container\">\n\t\t\t\t\t\t\t<div class=\"elementor-shortcode\"><div><ul id=\"tabmenu\"><li ><a href=\"https:\/\/www.turismegarrigues.com\/es\/comarca\/aceite\/olidoliva\/\">Aceite de oliva virgen extra<\/a><li class=\"selected\"><a href=\"https:\/\/www.turismegarrigues.com\/es\/comarca\/aceite\/la-ruta-del-aceite\/\">La ruta del aceite<\/a><li ><a href=\"https:\/\/www.turismegarrigues.com\/es\/comarca\/aceite\/cooperativas-y-molinos\/\">Productores de aceite<\/a><li ><a href=\"https:\/\/www.turismegarrigues.com\/es\/comarca\/aceite\/elaboracion-del-aceite\/\">Elaboraci\u00f3n del aceite<\/a><li ><a href=\"https:\/\/www.turismegarrigues.com\/es\/comarca\/aceite\/experiencias-oleoturisticas\/\">Experiencias Oleotur\u00edsticas<\/a><\/ul><\/div><\/div>\n\t\t\t\t\t\t<\/div>\n\t\t\t\t<\/div>\n\t\t\t\t\t<\/div>\n\t\t<\/div>\n\t\t\t\t\t<\/div>\n\t\t<\/section>\n\t\t\t\t<section class=\"elementor-section elementor-top-section elementor-element elementor-element-7476329 elementor-section-boxed elementor-section-height-default elementor-section-height-default\" data-id=\"7476329\" data-element_type=\"section\" data-e-type=\"section\" data-settings=\"{&quot;_ob_glider_is_slider&quot;:&quot;no&quot;}\">\n\t\t\t\t\t\t<div class=\"elementor-container elementor-column-gap-default\">\n\t\t\t\t\t<div class=\"elementor-column elementor-col-33 elementor-top-column elementor-element elementor-element-b4ec64e\" data-id=\"b4ec64e\" data-element_type=\"column\" data-e-type=\"column\" data-settings=\"{&quot;_ob_column_hoveranimator&quot;:&quot;no&quot;,&quot;_ob_column_has_pseudo&quot;:&quot;no&quot;}\">\n\t\t\t<div class=\"elementor-widget-wrap elementor-element-populated\">\n\t\t\t\t\t\t<div class=\"elementor-element elementor-element-c2c8f40 dce_masking-none ob-has-background-overlay elementor-widget elementor-widget-image\" data-id=\"c2c8f40\" data-element_type=\"widget\" data-e-type=\"widget\" data-settings=\"{&quot;sticky&quot;:&quot;top&quot;,&quot;sticky_on&quot;:[&quot;desktop&quot;,&quot;tablet&quot;],&quot;sticky_offset&quot;:120,&quot;sticky_parent&quot;:&quot;yes&quot;,&quot;_ob_photomorph_use&quot;:&quot;no&quot;,&quot;_ob_widget_stalker_use&quot;:&quot;no&quot;,&quot;sticky_effects_offset&quot;:0,&quot;sticky_anchor_link_offset&quot;:0,&quot;_ob_poopart_use&quot;:&quot;yes&quot;,&quot;_ob_shadough_use&quot;:&quot;no&quot;,&quot;_ob_allow_hoveranimator&quot;:&quot;no&quot;}\" data-widget_type=\"image.default\">\n\t\t\t\t<div class=\"elementor-widget-container\">\n\t\t\t\t\t\t\t\t\t\t\t\t\t\t\t\t<a href=\"https:\/\/www.turismegarrigues.com\/wp-content\/uploads\/larutadeloli.jpg\" data-elementor-open-lightbox=\"yes\" data-e-action-hash=\"#elementor-action%3Aaction%3Dlightbox%26settings%3DeyJpZCI6MTYyOCwidXJsIjoiaHR0cHM6XC9cL3d3dy50dXJpc21lZ2FycmlndWVzLmNvbVwvd3AtY29udGVudFwvdXBsb2Fkc1wvbGFydXRhZGVsb2xpLmpwZyJ9\">\n\t\t\t\t\t\t\t<img fetchpriority=\"high\" decoding=\"async\" width=\"640\" height=\"640\" src=\"https:\/\/www.turismegarrigues.com\/wp-content\/uploads\/larutadeloli.jpg\" class=\"attachment-large size-large wp-image-1628\" alt=\"\" \/>\t\t\t\t\t\t\t\t<\/a>\n\t\t\t\t\t\t\t\t\t\t\t\t\t\t\t<\/div>\n\t\t\t\t<\/div>\n\t\t\t\t\t<\/div>\n\t\t<\/div>\n\t\t\t\t<div class=\"elementor-column elementor-col-66 elementor-top-column elementor-element elementor-element-8e1409f\" data-id=\"8e1409f\" data-element_type=\"column\" data-e-type=\"column\" data-settings=\"{&quot;_ob_column_hoveranimator&quot;:&quot;no&quot;,&quot;_ob_column_has_pseudo&quot;:&quot;no&quot;}\">\n\t\t\t<div class=\"elementor-widget-wrap elementor-element-populated\">\n\t\t\t\t\t\t<div class=\"elementor-element elementor-element-3d8594e ob-harakiri-inherit ob-has-background-overlay elementor-widget elementor-widget-text-editor\" data-id=\"3d8594e\" data-element_type=\"widget\" data-e-type=\"widget\" data-settings=\"{&quot;_ob_use_harakiri&quot;:&quot;yes&quot;,&quot;_ob_harakiri_writing_mode&quot;:&quot;inherit&quot;,&quot;_ob_postman_use&quot;:&quot;no&quot;,&quot;_ob_widget_stalker_use&quot;:&quot;no&quot;,&quot;_ob_poopart_use&quot;:&quot;yes&quot;,&quot;_ob_shadough_use&quot;:&quot;no&quot;,&quot;_ob_allow_hoveranimator&quot;:&quot;no&quot;}\" data-widget_type=\"text-editor.default\">\n\t\t\t\t<div class=\"elementor-widget-container\">\n\t\t\t\t\t\t\t\t\t<p>Les Garrigues son el sabor de la cocina mediterr\u00e1nea. Su aceite de oliva virgen extra elaborado con aceitunas arbequinas est\u00e1 acreditado entre uno de los mejores aceites del mundo, a causa de su bajo grado de acidez (0&#8217;2\u00ba).<br \/><br \/>En tiempo de invierno, a principios de diciembre y hasta bien entrado el febrero, se ha hecho cada vez m\u00e1s frecuente salir a buscar el aceite nuevo por las cooperativas de los diferentes pueblos de les Garrigues.<br \/><br \/>El aceite del a\u00f1o es un producto natural, muy apreciado por su elaboraci\u00f3n artesana, que se comercializa bajo la Denominaci\u00f3n de Origen les Garrigues.<br \/><br \/>Venga a les Garrigues a disfrutar de la ruta del aceite, a comprobar las especiales caracter\u00edsticas del mejor aceite del mundo y a conocer el procedimiento de su elaboraci\u00f3n, y descubra, al mismo tiempo, los atractivos de esta comarca.<br \/><br \/>Aproveche para visitar, adem\u00e1s de alguna de las cooperativas que hay en cada pueblo, los castillos de la Floresta y el de la Espluga Calba, la iglesia rom\u00e1nica de Vinaixa, los pueblos con bonitas calles de piedra (el Vilosell, la Pobla de C\u00e9rvoles&#8230;), el Ecomuseo de la Pobla de C\u00e9rvoles, el Museo del Aceite y del Mundo Rural de Castelldans, el Parque Tem\u00e1tico del Aceite de les Borges Blanques, el Museo de la Piedra de la Floresta, el poblado ib\u00e9rico dels Vilars de Arbeca o las pinturas rupestres del Cogul, cosas que podr\u00edamos destacar entre algunos de los atractivos de les Garrigues.<\/p>\t\t\t\t\t\t\t\t<\/div>\n\t\t\t\t<\/div>\n\t\t\t\t\t<\/div>\n\t\t<\/div>\n\t\t\t\t\t<\/div>\n\t\t<\/section>\n\t\t\t\t<\/div>\n\t\t","protected":false},"excerpt":{"rendered":"<p>Les Garrigues son el sabor de la cocina mediterr\u00e1nea. Su aceite de oliva virgen extra elaborado con aceitunas arbequinas est\u00e1 acreditado entre uno de los mejores aceites del mundo, a causa de su bajo grado de acidez (0&#8217;2\u00ba). En tiempo de invierno, a principios de diciembre y hasta bien entrado el febrero, se ha hecho [&hellip;]<\/p>\n","protected":false},"author":2,"featured_media":0,"parent":8666,"menu_order":2,"comment_status":"closed","ping_status":"closed","template":"","meta":{"footnotes":""},"class_list":["post-8748","page","type-page","status-publish","hentry"],"_links":{"self":[{"href":"https:\/\/www.turismegarrigues.com\/es\/wp-json\/wp\/v2\/pages\/8748","targetHints":{"allow":["GET"]}}],"collection":[{"href":"https:\/\/www.turismegarrigues.com\/es\/wp-json\/wp\/v2\/pages"}],"about":[{"href":"https:\/\/www.turismegarrigues.com\/es\/wp-json\/wp\/v2\/types\/page"}],"author":[{"embeddable":true,"href":"https:\/\/www.turismegarrigues.com\/es\/wp-json\/wp\/v2\/users\/2"}],"replies":[{"embeddable":true,"href":"https:\/\/www.turismegarrigues.com\/es\/wp-json\/wp\/v2\/comments?post=8748"}],"version-history":[{"count":0,"href":"https:\/\/www.turismegarrigues.com\/es\/wp-json\/wp\/v2\/pages\/8748\/revisions"}],"up":[{"embeddable":true,"href":"https:\/\/www.turismegarrigues.com\/es\/wp-json\/wp\/v2\/pages\/8666"}],"wp:attachment":[{"href":"https:\/\/www.turismegarrigues.com\/es\/wp-json\/wp\/v2\/media?parent=8748"}],"curies":[{"name":"wp","href":"https:\/\/api.w.org\/{rel}","templated":true}]}}