{"id":8993,"date":"2021-02-02T04:54:12","date_gmt":"2021-02-02T03:54:12","guid":{"rendered":"https:\/\/temp.turismegarrigues.com\/comarca\/poblaciones\/arbeca\/informacio\/"},"modified":"2022-11-22T12:58:34","modified_gmt":"2022-11-22T11:58:34","slug":"informacion","status":"publish","type":"page","link":"https:\/\/www.turismegarrigues.com\/es\/comarca\/poblaciones\/arbeca\/informacion\/","title":{"rendered":"Informaci\u00f3n"},"content":{"rendered":"\t\t<div data-elementor-type=\"wp-page\" data-elementor-id=\"8993\" class=\"elementor elementor-8993 elementor-2811\" data-elementor-post-type=\"page\">\n\t\t\t\t\t\t<section data-dce-background-overlay-image-url=\"https:\/\/www.turismegarrigues.com\/wp-content\/uploads\/BANNER-ARBECA.jpg\" class=\"elementor-section elementor-top-section elementor-element elementor-element-960860c elementor-section-boxed elementor-section-height-default elementor-section-height-default\" data-id=\"960860c\" data-element_type=\"section\" data-e-type=\"section\" data-settings=\"{&quot;_ob_glider_is_slider&quot;:&quot;no&quot;}\">\n\t\t\t\t\t\t\t<div class=\"elementor-background-overlay\"><\/div>\n\t\t\t\t\t\t\t<div class=\"elementor-container elementor-column-gap-default\">\n\t\t\t\t\t<div class=\"elementor-column elementor-col-100 elementor-top-column elementor-element elementor-element-46ac0a3\" data-id=\"46ac0a3\" data-element_type=\"column\" data-e-type=\"column\" data-settings=\"{&quot;_ob_column_hoveranimator&quot;:&quot;no&quot;,&quot;_ob_column_has_pseudo&quot;:&quot;no&quot;}\">\n\t\t\t<div class=\"elementor-widget-wrap elementor-element-populated\">\n\t\t\t\t\t\t<div class=\"elementor-element elementor-element-635a056 elementor-widget__width-auto elementor-absolute ob-has-background-overlay elementor-widget elementor-widget-shortcode\" data-id=\"635a056\" data-element_type=\"widget\" data-e-type=\"widget\" data-settings=\"{&quot;_position&quot;:&quot;absolute&quot;,&quot;_ob_widget_stalker_use&quot;:&quot;no&quot;,&quot;_ob_poopart_use&quot;:&quot;yes&quot;,&quot;_ob_shadough_use&quot;:&quot;no&quot;,&quot;_ob_allow_hoveranimator&quot;:&quot;no&quot;}\" data-widget_type=\"shortcode.default\">\n\t\t\t\t<div class=\"elementor-widget-container\">\n\t\t\t\t\t\t\t<div class=\"elementor-shortcode\"><\/div>\n\t\t\t\t\t\t<\/div>\n\t\t\t\t<\/div>\n\t\t\t\t<div class=\"elementor-element elementor-element-482e38d ob-harakiri-inherit ob-has-background-overlay elementor-widget elementor-widget-heading\" data-id=\"482e38d\" data-element_type=\"widget\" data-e-type=\"widget\" data-settings=\"{&quot;_ob_use_harakiri&quot;:&quot;yes&quot;,&quot;_ob_harakiri_writing_mode&quot;:&quot;inherit&quot;,&quot;_ob_harakiri_text_clip&quot;:&quot;none&quot;,&quot;_ob_widget_stalker_use&quot;:&quot;no&quot;,&quot;_ob_poopart_use&quot;:&quot;yes&quot;,&quot;_ob_shadough_use&quot;:&quot;no&quot;,&quot;_ob_allow_hoveranimator&quot;:&quot;no&quot;}\" data-widget_type=\"heading.default\">\n\t\t\t\t<div class=\"elementor-widget-container\">\n\t\t\t\t\t<h1 class=\"elementor-heading-title elementor-size-default\">Arbeca<\/h1>\t\t\t\t<\/div>\n\t\t\t\t<\/div>\n\t\t\t\t<div class=\"elementor-element elementor-element-baa9ad1 ob-has-background-overlay elementor-widget elementor-widget-shortcode\" data-id=\"baa9ad1\" data-element_type=\"widget\" data-e-type=\"widget\" data-settings=\"{&quot;_ob_widget_stalker_use&quot;:&quot;no&quot;,&quot;_ob_poopart_use&quot;:&quot;yes&quot;,&quot;_ob_shadough_use&quot;:&quot;no&quot;,&quot;_ob_allow_hoveranimator&quot;:&quot;no&quot;}\" data-widget_type=\"shortcode.default\">\n\t\t\t\t<div class=\"elementor-widget-container\">\n\t\t\t\t\t\t\t<div class=\"elementor-shortcode\"><div><ul id=\"tabmenu\"><li class=\"selected\"><a href=\"https:\/\/www.turismegarrigues.com\/es\/comarca\/poblaciones\/arbeca\/informacion\/\">Informaci\u00f3n<\/a><li ><a href=\"https:\/\/www.turismegarrigues.com\/es\/comarca\/poblaciones\/arbeca\/visitas-de-interes\/\">Visitas de inter\u00e9s<\/a><li ><a href=\"https:\/\/www.turismegarrigues.com\/es\/comarca\/poblaciones\/arbeca\/fiestas-y-ferias\/\">Fiestas y ferias<\/a><li ><a href=\"https:\/\/www.turismegarrigues.com\/es\/comarca\/poblaciones\/arbeca\/rutas\/\">Rutas<\/a><li ><a href=\"https:\/\/www.turismegarrigues.com\/es\/comarca\/poblaciones\/arbeca\/imagenes\/\">Im\u00e1genes<\/a><li ><a href=\"https:\/\/www.turismegarrigues.com\/es\/comarca\/poblaciones\/arbeca\/establecimientos\/\">Establecimientos<\/a><\/ul><\/div><\/div>\n\t\t\t\t\t\t<\/div>\n\t\t\t\t<\/div>\n\t\t\t\t\t<\/div>\n\t\t<\/div>\n\t\t\t\t\t<\/div>\n\t\t<\/section>\n\t\t\t\t<section class=\"elementor-section elementor-top-section elementor-element elementor-element-a79619b elementor-section-boxed elementor-section-height-default elementor-section-height-default\" data-id=\"a79619b\" data-element_type=\"section\" data-e-type=\"section\" data-settings=\"{&quot;_ob_glider_is_slider&quot;:&quot;no&quot;}\">\n\t\t\t\t\t\t<div class=\"elementor-container elementor-column-gap-default\">\n\t\t\t\t\t<div class=\"elementor-column elementor-col-50 elementor-top-column elementor-element elementor-element-524a706\" data-id=\"524a706\" data-element_type=\"column\" data-e-type=\"column\" data-settings=\"{&quot;_ob_column_hoveranimator&quot;:&quot;no&quot;,&quot;_ob_column_has_pseudo&quot;:&quot;no&quot;}\">\n\t\t\t<div class=\"elementor-widget-wrap elementor-element-populated\">\n\t\t\t\t\t\t<div class=\"elementor-element elementor-element-6a882e2 dce_masking-none ob-has-background-overlay elementor-widget elementor-widget-image\" data-id=\"6a882e2\" data-element_type=\"widget\" data-e-type=\"widget\" data-settings=\"{&quot;_ob_photomorph_use&quot;:&quot;no&quot;,&quot;_ob_widget_stalker_use&quot;:&quot;no&quot;,&quot;_ob_poopart_use&quot;:&quot;yes&quot;,&quot;_ob_shadough_use&quot;:&quot;no&quot;,&quot;_ob_allow_hoveranimator&quot;:&quot;no&quot;}\" data-widget_type=\"image.default\">\n\t\t\t\t<div class=\"elementor-widget-container\">\n\t\t\t\t\t\t\t\t\t\t\t\t\t\t\t\t<a href=\"https:\/\/www.turismegarrigues.com\/wp-content\/uploads\/ESCUT-ARBECA.jpg\" data-elementor-open-lightbox=\"yes\" data-e-action-hash=\"#elementor-action%3Aaction%3Dlightbox%26settings%3DeyJpZCI6Mjg0MiwidXJsIjoiaHR0cHM6XC9cL3d3dy50dXJpc21lZ2FycmlndWVzLmNvbVwvd3AtY29udGVudFwvdXBsb2Fkc1wvRVNDVVQtQVJCRUNBLmpwZyJ9\">\n\t\t\t\t\t\t\t<img fetchpriority=\"high\" decoding=\"async\" width=\"524\" height=\"698\" src=\"https:\/\/www.turismegarrigues.com\/wp-content\/uploads\/ESCUT-ARBECA.jpg\" class=\"attachment-large size-large wp-image-2842\" alt=\"\" \/>\t\t\t\t\t\t\t\t<\/a>\n\t\t\t\t\t\t\t\t\t\t\t\t\t\t\t<\/div>\n\t\t\t\t<\/div>\n\t\t\t\t<div class=\"elementor-element elementor-element-2a64a88 elementor-align-start elementor-icon-list--layout-traditional elementor-list-item-link-full_width ob-has-background-overlay elementor-widget elementor-widget-icon-list\" data-id=\"2a64a88\" data-element_type=\"widget\" data-e-type=\"widget\" data-settings=\"{&quot;_ob_widget_stalker_use&quot;:&quot;no&quot;,&quot;_ob_poopart_use&quot;:&quot;yes&quot;,&quot;_ob_shadough_use&quot;:&quot;no&quot;,&quot;_ob_allow_hoveranimator&quot;:&quot;no&quot;}\" data-widget_type=\"icon-list.default\">\n\t\t\t\t<div class=\"elementor-widget-container\">\n\t\t\t\t\t\t\t<ul class=\"elementor-icon-list-items\">\n\t\t\t\t\t\t\t<li class=\"elementor-icon-list-item\">\n\t\t\t\t\t\t\t\t\t\t\t<span class=\"elementor-icon-list-icon\">\n\t\t\t\t\t\t\t<svg aria-hidden=\"true\" class=\"e-font-icon-svg e-fas-map-marker-alt\" viewBox=\"0 0 384 512\" xmlns=\"http:\/\/www.w3.org\/2000\/svg\"><path d=\"M172.268 501.67C26.97 291.031 0 269.413 0 192 0 85.961 85.961 0 192 0s192 85.961 192 192c0 77.413-26.97 99.031-172.268 309.67-9.535 13.774-29.93 13.773-39.464 0zM192 272c44.183 0 80-35.817 80-80s-35.817-80-80-80-80 35.817-80 80 35.817 80 80 80z\"><\/path><\/svg>\t\t\t\t\t\t<\/span>\n\t\t\t\t\t\t\t\t\t\t<span class=\"elementor-icon-list-text\">Pl. Generalitat, 3 <br \/>25140 Arbeca<\/span>\n\t\t\t\t\t\t\t\t\t<\/li>\n\t\t\t\t\t\t\t\t<li class=\"elementor-icon-list-item\">\n\t\t\t\t\t\t\t\t\t\t\t<span class=\"elementor-icon-list-icon\">\n\t\t\t\t\t\t\t<svg aria-hidden=\"true\" class=\"e-font-icon-svg e-fas-phone-alt\" viewBox=\"0 0 512 512\" xmlns=\"http:\/\/www.w3.org\/2000\/svg\"><path d=\"M497.39 361.8l-112-48a24 24 0 0 0-28 6.9l-49.6 60.6A370.66 370.66 0 0 1 130.6 204.11l60.6-49.6a23.94 23.94 0 0 0 6.9-28l-48-112A24.16 24.16 0 0 0 122.6.61l-104 24A24 24 0 0 0 0 48c0 256.5 207.9 464 464 464a24 24 0 0 0 23.4-18.6l24-104a24.29 24.29 0 0 0-14.01-27.6z\"><\/path><\/svg>\t\t\t\t\t\t<\/span>\n\t\t\t\t\t\t\t\t\t\t<span class=\"elementor-icon-list-text\"><span style=\"white-space: normal\">973 16 00 08<\/span><\/span>\n\t\t\t\t\t\t\t\t\t<\/li>\n\t\t\t\t\t\t\t\t<li class=\"elementor-icon-list-item\">\n\t\t\t\t\t\t\t\t\t\t\t<span class=\"elementor-icon-list-icon\">\n\t\t\t\t\t\t\t<svg aria-hidden=\"true\" class=\"e-font-icon-svg e-fas-fax\" viewBox=\"0 0 512 512\" xmlns=\"http:\/\/www.w3.org\/2000\/svg\"><path d=\"M480 160V77.25a32 32 0 0 0-9.38-22.63L425.37 9.37A32 32 0 0 0 402.75 0H160a32 32 0 0 0-32 32v448a32 32 0 0 0 32 32h320a32 32 0 0 0 32-32V192a32 32 0 0 0-32-32zM288 432a16 16 0 0 1-16 16h-32a16 16 0 0 1-16-16v-32a16 16 0 0 1 16-16h32a16 16 0 0 1 16 16zm0-128a16 16 0 0 1-16 16h-32a16 16 0 0 1-16-16v-32a16 16 0 0 1 16-16h32a16 16 0 0 1 16 16zm128 128a16 16 0 0 1-16 16h-32a16 16 0 0 1-16-16v-32a16 16 0 0 1 16-16h32a16 16 0 0 1 16 16zm0-128a16 16 0 0 1-16 16h-32a16 16 0 0 1-16-16v-32a16 16 0 0 1 16-16h32a16 16 0 0 1 16 16zm0-112H192V64h160v48a16 16 0 0 0 16 16h48zM64 128H32a32 32 0 0 0-32 32v320a32 32 0 0 0 32 32h32a32 32 0 0 0 32-32V160a32 32 0 0 0-32-32z\"><\/path><\/svg>\t\t\t\t\t\t<\/span>\n\t\t\t\t\t\t\t\t\t\t<span class=\"elementor-icon-list-text\"><span style=\"white-space: normal\">973 16 04 59<\/span><\/span>\n\t\t\t\t\t\t\t\t\t<\/li>\n\t\t\t\t\t\t\t\t<li class=\"elementor-icon-list-item\">\n\t\t\t\t\t\t\t\t\t\t\t<span class=\"elementor-icon-list-icon\">\n\t\t\t\t\t\t\t<svg aria-hidden=\"true\" class=\"e-font-icon-svg e-fas-envelope\" viewBox=\"0 0 512 512\" xmlns=\"http:\/\/www.w3.org\/2000\/svg\"><path d=\"M502.3 190.8c3.9-3.1 9.7-.2 9.7 4.7V400c0 26.5-21.5 48-48 48H48c-26.5 0-48-21.5-48-48V195.6c0-5 5.7-7.8 9.7-4.7 22.4 17.4 52.1 39.5 154.1 113.6 21.1 15.4 56.7 47.8 92.2 47.6 35.7.3 72-32.8 92.3-47.6 102-74.1 131.6-96.3 154-113.7zM256 320c23.2.4 56.6-29.2 73.4-41.4 132.7-96.3 142.8-104.7 173.4-128.7 5.8-4.5 9.2-11.5 9.2-18.9v-19c0-26.5-21.5-48-48-48H48C21.5 64 0 85.5 0 112v19c0 7.4 3.4 14.3 9.2 18.9 30.6 23.9 40.7 32.4 173.4 128.7 16.8 12.2 50.2 41.8 73.4 41.4z\"><\/path><\/svg>\t\t\t\t\t\t<\/span>\n\t\t\t\t\t\t\t\t\t\t<span class=\"elementor-icon-list-text\"><span style=\"white-space: normal\">ajuntament@arbeca.ddl.net<\/span><\/span>\n\t\t\t\t\t\t\t\t\t<\/li>\n\t\t\t\t\t\t\t\t<li class=\"elementor-icon-list-item\">\n\t\t\t\t\t\t\t\t\t\t\t<a href=\"https:\/\/www.arbeca.cat\" target=\"_blank\" rel=\"nofollow noopener\">\n\n\t\t\t\t\t\t\t\t\t\t\t\t<span class=\"elementor-icon-list-icon\">\n\t\t\t\t\t\t\t<svg aria-hidden=\"true\" class=\"e-font-icon-svg e-fas-link\" viewBox=\"0 0 512 512\" xmlns=\"http:\/\/www.w3.org\/2000\/svg\"><path d=\"M326.612 185.391c59.747 59.809 58.927 155.698.36 214.59-.11.12-.24.25-.36.37l-67.2 67.2c-59.27 59.27-155.699 59.262-214.96 0-59.27-59.26-59.27-155.7 0-214.96l37.106-37.106c9.84-9.84 26.786-3.3 27.294 10.606.648 17.722 3.826 35.527 9.69 52.721 1.986 5.822.567 12.262-3.783 16.612l-13.087 13.087c-28.026 28.026-28.905 73.66-1.155 101.96 28.024 28.579 74.086 28.749 102.325.51l67.2-67.19c28.191-28.191 28.073-73.757 0-101.83-3.701-3.694-7.429-6.564-10.341-8.569a16.037 16.037 0 0 1-6.947-12.606c-.396-10.567 3.348-21.456 11.698-29.806l21.054-21.055c5.521-5.521 14.182-6.199 20.584-1.731a152.482 152.482 0 0 1 20.522 17.197zM467.547 44.449c-59.261-59.262-155.69-59.27-214.96 0l-67.2 67.2c-.12.12-.25.25-.36.37-58.566 58.892-59.387 154.781.36 214.59a152.454 152.454 0 0 0 20.521 17.196c6.402 4.468 15.064 3.789 20.584-1.731l21.054-21.055c8.35-8.35 12.094-19.239 11.698-29.806a16.037 16.037 0 0 0-6.947-12.606c-2.912-2.005-6.64-4.875-10.341-8.569-28.073-28.073-28.191-73.639 0-101.83l67.2-67.19c28.239-28.239 74.3-28.069 102.325.51 27.75 28.3 26.872 73.934-1.155 101.96l-13.087 13.087c-4.35 4.35-5.769 10.79-3.783 16.612 5.864 17.194 9.042 34.999 9.69 52.721.509 13.906 17.454 20.446 27.294 10.606l37.106-37.106c59.271-59.259 59.271-155.699.001-214.959z\"><\/path><\/svg>\t\t\t\t\t\t<\/span>\n\t\t\t\t\t\t\t\t\t\t<span class=\"elementor-icon-list-text\">https:\/\/www.arbeca.cat<\/span>\n\t\t\t\t\t\t\t\t\t\t\t<\/a>\n\t\t\t\t\t\t\t\t\t<\/li>\n\t\t\t\t\t\t<\/ul>\n\t\t\t\t\t\t<\/div>\n\t\t\t\t<\/div>\n\t\t\t\t<div class=\"elementor-element elementor-element-00ef25f dce_masking-none ob-has-background-overlay elementor-widget elementor-widget-image\" data-id=\"00ef25f\" data-element_type=\"widget\" data-e-type=\"widget\" data-settings=\"{&quot;sticky&quot;:&quot;top&quot;,&quot;sticky_on&quot;:[&quot;desktop&quot;,&quot;tablet&quot;],&quot;sticky_offset&quot;:120,&quot;sticky_parent&quot;:&quot;yes&quot;,&quot;_ob_photomorph_use&quot;:&quot;no&quot;,&quot;_ob_widget_stalker_use&quot;:&quot;no&quot;,&quot;sticky_effects_offset&quot;:0,&quot;sticky_anchor_link_offset&quot;:0,&quot;_ob_poopart_use&quot;:&quot;yes&quot;,&quot;_ob_shadough_use&quot;:&quot;no&quot;,&quot;_ob_allow_hoveranimator&quot;:&quot;no&quot;}\" data-widget_type=\"image.default\">\n\t\t\t\t<div class=\"elementor-widget-container\">\n\t\t\t\t\t\t\t\t\t\t\t\t\t\t\t\t<a href=\"https:\/\/www.turismegarrigues.com\/wp-content\/uploads\/arbeca.jpg\" data-elementor-open-lightbox=\"yes\" data-e-action-hash=\"#elementor-action%3Aaction%3Dlightbox%26settings%3DeyJpZCI6NzgzLCJ1cmwiOiJodHRwczpcL1wvd3d3LnR1cmlzbWVnYXJyaWd1ZXMuY29tXC93cC1jb250ZW50XC91cGxvYWRzXC9hcmJlY2EuanBnIn0%3D\">\n\t\t\t\t\t\t\t<img decoding=\"async\" width=\"640\" height=\"640\" src=\"https:\/\/www.turismegarrigues.com\/wp-content\/uploads\/arbeca.jpg\" class=\"attachment-large size-large wp-image-783\" alt=\"\" \/>\t\t\t\t\t\t\t\t<\/a>\n\t\t\t\t\t\t\t\t\t\t\t\t\t\t\t<\/div>\n\t\t\t\t<\/div>\n\t\t\t\t\t<\/div>\n\t\t<\/div>\n\t\t\t\t<div class=\"elementor-column elementor-col-50 elementor-top-column elementor-element elementor-element-96663a4\" data-id=\"96663a4\" data-element_type=\"column\" data-e-type=\"column\" data-settings=\"{&quot;_ob_column_hoveranimator&quot;:&quot;no&quot;,&quot;_ob_column_has_pseudo&quot;:&quot;no&quot;}\">\n\t\t\t<div class=\"elementor-widget-wrap elementor-element-populated\">\n\t\t\t\t\t\t<div class=\"elementor-element elementor-element-c089a2f ob-harakiri-inherit ob-has-background-overlay elementor-widget elementor-widget-text-editor\" data-id=\"c089a2f\" data-element_type=\"widget\" data-e-type=\"widget\" data-settings=\"{&quot;_ob_use_harakiri&quot;:&quot;yes&quot;,&quot;_ob_harakiri_writing_mode&quot;:&quot;inherit&quot;,&quot;_ob_postman_use&quot;:&quot;no&quot;,&quot;_ob_widget_stalker_use&quot;:&quot;no&quot;,&quot;_ob_poopart_use&quot;:&quot;yes&quot;,&quot;_ob_shadough_use&quot;:&quot;no&quot;,&quot;_ob_allow_hoveranimator&quot;:&quot;no&quot;}\" data-widget_type=\"text-editor.default\">\n\t\t\t\t<div class=\"elementor-widget-container\">\n\t\t\t\t\t\t\t\t\t<p>La villa de Arbeca, situada en la comarca de les Garrigues, nace al pie de una colina de 357 m de altitud y crece a su alrededor. Actualmente (2016), cuenta con una poblaci\u00f3n de 2.288 habitantes.<\/p><p>En la cima de la colina se encuentran los restos del antiguo y poderoso Castillo de los Duques de Cardona, que tiene su origen en una fortaleza \u00e1rabe conquistada en la mitad del siglo XII. La poblaci\u00f3n se fue construyendo resguard\u00e1ndose en su entorno.<\/p><p>En el siglo XVIII la propiedad del castillo est\u00e1 en manos del duque de Medinaceli, se\u00f1or de Arbeca, quien introdujo en la villa &#8211; tray\u00e9ndola desde Palestina- la variedad de aceituna arbequina, a partir de la cual se produjo el aceite de oliva de les Garrigues. La promesa de un real de vell\u00f3n por cada olivo plantado impuls\u00f3 el cultivo por toda la comarca. Esta variedad est\u00e1 considerada como una de les mejores del mundo, tanto por su producci\u00f3n y regularidad como por la calidad de su aceite.<\/p><p>Ya en el siglo XX, en medio del recinto hist\u00f3rico-art\u00edstico, formado por los restos de muralla del castillo y parte de una de sus torres, se construy\u00f3 el colegio y su entorno se ha cubierto de vegetaci\u00f3n.<\/p><p>En los pies del castillo y dando una vuelta por la villa, encontramos la Iglesia Parroquial de San Jaime, construida durante el siglo XVII y consagrada el a\u00f1o 1686, que tiene una planta de cruz latina de bellas y grandes proporciones. En las calles y plazas que la rodean hay p\u00f3rticos, fachadas de piedra y escudos her\u00e1ldicos, y rincones po\u00e9ticos de regusto medieval, como la encrucijada porticada de la plaza de la Iglesia con la calle de Sant Feliu, o bi\u00e9n los p\u00f3rticos del Esparter y del Duque de la plaza Mayor.<\/p><p>A 4 km de la villa se eleva, encima de una peque\u00f1a colina, la Capilla de San Miguel, antigua iglesia del desaparecido poblado de les Borgetes de Salena. Es una capilla rom\u00e1nica, de planta rectangular, de una sola nave, protegida por tres contrafuertes majestuosos e iluminados d\u00e9bilmente por una original y art\u00edstica ventana en forma de aspillera. En los \u00faltimos a\u00f1os se han hecho obras de acondicionamiento y se ha convertido en un paraje muy atrayente para pasar un d\u00eda de recreo.<\/p><p>Andando 2 kil\u00f3metros en direcci\u00f3n a Juneda llegamos a la Fuente de la Juliana, un surtidor natural de agua excavado en el sustrato arcilloso basal que brota lateralmente y de forma ininterrumpida. La estructura, construida entre los siglos XV y XVI, consta de una c\u00e1mara cubierta con una espl\u00e9ndida b\u00f3veda de piedra que, adem\u00e1s de mantenerla limpia, reduce la evaporaci\u00f3n y asegura su almacenamiento. Esta fuente aljibe de obra civil es el reflejo de un tiempo en que el agua era un recurso escaso y su provisi\u00f3n obligaba a invertir grandes esfuerzos para garantizar el abastecimiento. La obra de picapedrero es muy esmerada. Las obras de drenaje han permitido recuperarla y garantizar su conservaci\u00f3n.<\/p><p>En medio del pueblo se encuentra un molino de aceite conocido como el Molino de Argil\u00e9s, un molino que se ha podido recuperar pr\u00e1cticamente todo entero. Se encuentra en un recinto no muy grande, pero con unas moles de piedra que impresionan. Posiblemente es de principios del siglo XIX, y las prensas hidr\u00e1ulicas que se a\u00f1adieron son de los a\u00f1os veinte del siglo pasado. El molino dej\u00f3 de funcionar despu\u00e9s de la Guerra Civil.<\/p><p>Al noreste del t\u00e9rmino encontramos la partida de los Vilars, top\u00f3nimo que recoge, en este caso, la existencia de dos yacimientos arqueol\u00f3gicos: una villa romana sin excavar, pr\u00e1cticamente in\u00e9dita, y un poblado de la primera Edad del Hierro -fortaleza construida alrededor del 750 a.C.- que lleg\u00f3 a la \u00e9poca ib\u00e9rica hasta el siglo IV a.C., y fue abandonada poco despu\u00e9s del 350 a.C. La gente constructora del primer poblado se instal\u00f3 durante la segunda mitad de la s\u00e9ptima centuria, puede que hasta el tercer cuarto, y construyeron las viviendas y el sistema defensivo que ten\u00eda que protegerles: murallas, torres y chevaux-de-frise, y m\u00e1s tarde lo reforzaron exteriormente. La fortaleza constituye un conjunto arqueol\u00f3gico excepcional y \u00fanico en nuestro pa\u00eds, que el a\u00f1o 1998 fue declarado bi\u00e9n cultural de inter\u00e9s nacional por la Generalitat de Catalunya. Desde 1985 se realizan anualmente campa\u00f1as de excavaci\u00f3n subvencionadas por la Generalitat, bajo la direcci\u00f3n cient\u00edfica de arque\u00f3logos de la Universidad de Lleida. Los resultados obtenidos son espectaculares.<\/p><p>Tambi\u00e9n en las afueras, situada en una colina enfrente de la villa, encontramos los restos de la Ermita de Santa Catalina, que parece que es de comienzos del siglo XVIII. Actualmente s\u00f3lo queda de la antigua Ermita un peque\u00f1o recinto con una portalada de piedra, restos de paredes, la linterna y los pies de piedra para poner las cruces cuando se hac\u00eda el v\u00eda crucis por Semana Santa.<\/p>\t\t\t\t\t\t\t\t<\/div>\n\t\t\t\t<\/div>\n\t\t\t\t\t<\/div>\n\t\t<\/div>\n\t\t\t\t\t<\/div>\n\t\t<\/section>\n\t\t\t\t<section class=\"elementor-section elementor-top-section elementor-element elementor-element-67916ca elementor-section-full_width elementor-section-height-default elementor-section-height-default\" data-id=\"67916ca\" data-element_type=\"section\" data-e-type=\"section\" data-settings=\"{&quot;_ob_glider_is_slider&quot;:&quot;no&quot;}\">\n\t\t\t\t\t\t<div class=\"elementor-container elementor-column-gap-no\">\n\t\t\t\t\t<div class=\"elementor-column elementor-col-100 elementor-top-column elementor-element elementor-element-1a5e1f8\" data-id=\"1a5e1f8\" data-element_type=\"column\" data-e-type=\"column\" data-settings=\"{&quot;_ob_column_hoveranimator&quot;:&quot;no&quot;,&quot;_ob_column_has_pseudo&quot;:&quot;no&quot;}\">\n\t\t\t<div class=\"elementor-widget-wrap elementor-element-populated\">\n\t\t\t\t\t\t<div class=\"elementor-element elementor-element-66aaa23 ob-has-background-overlay elementor-widget elementor-widget-google_maps\" data-id=\"66aaa23\" data-element_type=\"widget\" data-e-type=\"widget\" data-settings=\"{&quot;_ob_widget_stalker_use&quot;:&quot;no&quot;,&quot;_ob_poopart_use&quot;:&quot;yes&quot;,&quot;_ob_shadough_use&quot;:&quot;no&quot;,&quot;_ob_allow_hoveranimator&quot;:&quot;no&quot;}\" data-widget_type=\"google_maps.default\">\n\t\t\t\t<div class=\"elementor-widget-container\">\n\t\t\t\t\t\t\t<div class=\"elementor-custom-embed\">\n\t\t\t<iframe loading=\"lazy\"\n\t\t\t\t\tsrc=\"https:\/\/maps.google.com\/maps?q=Ajuntament%20d%27Arbeca%2C%20Pl.%20Generalitat%2C%203%2025140%20Arbeca&#038;t=m&#038;z=17&#038;output=embed&#038;iwloc=near\"\n\t\t\t\t\ttitle=\"Ajuntament d&#039;Arbeca, Pl. Generalitat, 3 25140 Arbeca\"\n\t\t\t\t\taria-label=\"Ajuntament d&#039;Arbeca, Pl. Generalitat, 3 25140 Arbeca\"\n\t\t\t><\/iframe>\n\t\t<\/div>\n\t\t\t\t\t\t<\/div>\n\t\t\t\t<\/div>\n\t\t\t\t\t<\/div>\n\t\t<\/div>\n\t\t\t\t\t<\/div>\n\t\t<\/section>\n\t\t\t\t<\/div>\n\t\t","protected":false},"excerpt":{"rendered":"<p>Pl. Generalitat, 3 25140 Arbeca 973 16 00 08 973 16 04 59 ajuntament@arbeca.ddl.net https:\/\/www.arbeca.cat La villa de Arbeca, situada en la comarca de les Garrigues, nace al pie de una colina de 357 m de altitud y crece a su alrededor. Actualmente (2016), cuenta con una poblaci\u00f3n de 2.288 habitantes. En la cima de [&hellip;]<\/p>\n","protected":false},"author":2,"featured_media":0,"parent":8725,"menu_order":1,"comment_status":"closed","ping_status":"closed","template":"","meta":{"footnotes":""},"class_list":["post-8993","page","type-page","status-publish","hentry"],"_links":{"self":[{"href":"https:\/\/www.turismegarrigues.com\/es\/wp-json\/wp\/v2\/pages\/8993","targetHints":{"allow":["GET"]}}],"collection":[{"href":"https:\/\/www.turismegarrigues.com\/es\/wp-json\/wp\/v2\/pages"}],"about":[{"href":"https:\/\/www.turismegarrigues.com\/es\/wp-json\/wp\/v2\/types\/page"}],"author":[{"embeddable":true,"href":"https:\/\/www.turismegarrigues.com\/es\/wp-json\/wp\/v2\/users\/2"}],"replies":[{"embeddable":true,"href":"https:\/\/www.turismegarrigues.com\/es\/wp-json\/wp\/v2\/comments?post=8993"}],"version-history":[{"count":4,"href":"https:\/\/www.turismegarrigues.com\/es\/wp-json\/wp\/v2\/pages\/8993\/revisions"}],"predecessor-version":[{"id":26790,"href":"https:\/\/www.turismegarrigues.com\/es\/wp-json\/wp\/v2\/pages\/8993\/revisions\/26790"}],"up":[{"embeddable":true,"href":"https:\/\/www.turismegarrigues.com\/es\/wp-json\/wp\/v2\/pages\/8725"}],"wp:attachment":[{"href":"https:\/\/www.turismegarrigues.com\/es\/wp-json\/wp\/v2\/media?parent=8993"}],"curies":[{"name":"wp","href":"https:\/\/api.w.org\/{rel}","templated":true}]}}