{"id":11794,"date":"2021-01-18T08:44:38","date_gmt":"2021-01-18T07:44:38","guid":{"rendered":"https:\/\/temp.turismegarrigues.com\/la-region\/huile\/rutadeloli\/"},"modified":"2021-03-14T09:24:24","modified_gmt":"2021-03-14T09:24:24","slug":"la-route-de-lhuile","status":"publish","type":"page","link":"https:\/\/www.turismegarrigues.com\/fr\/la-region\/huile\/la-route-de-lhuile\/","title":{"rendered":"La route de l&rsquo;huile"},"content":{"rendered":"\t\t<div data-elementor-type=\"wp-page\" data-elementor-id=\"11794\" class=\"elementor elementor-11794 elementor-43\" data-elementor-post-type=\"page\">\n\t\t\t\t\t\t<section data-dce-background-overlay-image-url=\"https:\/\/www.turismegarrigues.com\/wp-content\/uploads\/BANNER-oli.jpg\" class=\"elementor-section elementor-top-section elementor-element elementor-element-2636c38 elementor-section-boxed elementor-section-height-default elementor-section-height-default\" data-id=\"2636c38\" data-element_type=\"section\" data-e-type=\"section\" data-settings=\"{&quot;_ob_glider_is_slider&quot;:&quot;no&quot;}\">\n\t\t\t\t\t\t\t<div class=\"elementor-background-overlay\"><\/div>\n\t\t\t\t\t\t\t<div class=\"elementor-container elementor-column-gap-default\">\n\t\t\t\t\t<div class=\"elementor-column elementor-col-100 elementor-top-column elementor-element elementor-element-883e1f9\" data-id=\"883e1f9\" data-element_type=\"column\" data-e-type=\"column\" data-settings=\"{&quot;_ob_column_hoveranimator&quot;:&quot;no&quot;,&quot;_ob_column_has_pseudo&quot;:&quot;no&quot;}\">\n\t\t\t<div class=\"elementor-widget-wrap elementor-element-populated\">\n\t\t\t\t\t\t<div class=\"elementor-element elementor-element-007eef5 elementor-widget__width-auto elementor-absolute ob-has-background-overlay elementor-widget elementor-widget-shortcode\" data-id=\"007eef5\" data-element_type=\"widget\" data-e-type=\"widget\" data-settings=\"{&quot;_position&quot;:&quot;absolute&quot;,&quot;_ob_widget_stalker_use&quot;:&quot;no&quot;,&quot;_ob_poopart_use&quot;:&quot;yes&quot;,&quot;_ob_shadough_use&quot;:&quot;no&quot;,&quot;_ob_allow_hoveranimator&quot;:&quot;no&quot;}\" data-widget_type=\"shortcode.default\">\n\t\t\t\t<div class=\"elementor-widget-container\">\n\t\t\t\t\t\t\t<div class=\"elementor-shortcode\"><div class=\"atribucio\">@turismelesgarrigues<\/div><\/div>\n\t\t\t\t\t\t<\/div>\n\t\t\t\t<\/div>\n\t\t\t\t<div class=\"elementor-element elementor-element-2c0e294 ob-harakiri-inherit ob-has-background-overlay elementor-widget elementor-widget-heading\" data-id=\"2c0e294\" data-element_type=\"widget\" data-e-type=\"widget\" data-settings=\"{&quot;_ob_use_harakiri&quot;:&quot;yes&quot;,&quot;_ob_harakiri_writing_mode&quot;:&quot;inherit&quot;,&quot;_ob_harakiri_text_clip&quot;:&quot;none&quot;,&quot;_ob_widget_stalker_use&quot;:&quot;no&quot;,&quot;_ob_poopart_use&quot;:&quot;yes&quot;,&quot;_ob_shadough_use&quot;:&quot;no&quot;,&quot;_ob_allow_hoveranimator&quot;:&quot;no&quot;}\" data-widget_type=\"heading.default\">\n\t\t\t\t<div class=\"elementor-widget-container\">\n\t\t\t\t\t<h1 class=\"elementor-heading-title elementor-size-default\">Huile<\/h1>\t\t\t\t<\/div>\n\t\t\t\t<\/div>\n\t\t\t\t<div class=\"elementor-element elementor-element-a998e50 ob-harakiri-inherit ob-has-background-overlay elementor-widget elementor-widget-heading\" data-id=\"a998e50\" data-element_type=\"widget\" data-e-type=\"widget\" data-settings=\"{&quot;_ob_use_harakiri&quot;:&quot;yes&quot;,&quot;_ob_harakiri_writing_mode&quot;:&quot;inherit&quot;,&quot;_ob_harakiri_text_clip&quot;:&quot;none&quot;,&quot;_ob_widget_stalker_use&quot;:&quot;no&quot;,&quot;_ob_poopart_use&quot;:&quot;yes&quot;,&quot;_ob_shadough_use&quot;:&quot;no&quot;,&quot;_ob_allow_hoveranimator&quot;:&quot;no&quot;}\" data-widget_type=\"heading.default\">\n\t\t\t\t<div class=\"elementor-widget-container\">\n\t\t\t\t\t<h2 class=\"elementor-heading-title elementor-size-default\">La route de l&rsquo;huile<\/h2>\t\t\t\t<\/div>\n\t\t\t\t<\/div>\n\t\t\t\t<div class=\"elementor-element elementor-element-8dc7921 ob-has-background-overlay elementor-widget elementor-widget-shortcode\" data-id=\"8dc7921\" data-element_type=\"widget\" data-e-type=\"widget\" data-settings=\"{&quot;_ob_widget_stalker_use&quot;:&quot;no&quot;,&quot;_ob_poopart_use&quot;:&quot;yes&quot;,&quot;_ob_shadough_use&quot;:&quot;no&quot;,&quot;_ob_allow_hoveranimator&quot;:&quot;no&quot;}\" data-widget_type=\"shortcode.default\">\n\t\t\t\t<div class=\"elementor-widget-container\">\n\t\t\t\t\t\t\t<div class=\"elementor-shortcode\"><div><ul id=\"tabmenu\"><li ><a href=\"https:\/\/www.turismegarrigues.com\/fr\/la-region\/huile\/lhuile-dolive-extra-vierge\/\">L&rsquo;huile d&rsquo;olive extra vierge<\/a><li class=\"selected\"><a href=\"https:\/\/www.turismegarrigues.com\/fr\/la-region\/huile\/la-route-de-lhuile\/\">La route de l&rsquo;huile<\/a><li ><a href=\"https:\/\/www.turismegarrigues.com\/fr\/la-region\/huile\/cooperatives-et-moulins\/\">Producteurs d&rsquo;huile d&rsquo;olive<\/a><li ><a href=\"https:\/\/www.turismegarrigues.com\/fr\/la-region\/huile\/production-dhuile\/\">Production d&rsquo;huile<\/a><li ><a href=\"https:\/\/www.turismegarrigues.com\/fr\/la-region\/huile\/experiences-oleoturistiques\/\">Exp\u00e9riences ol\u00e9oturistiques<\/a><\/ul><\/div><\/div>\n\t\t\t\t\t\t<\/div>\n\t\t\t\t<\/div>\n\t\t\t\t\t<\/div>\n\t\t<\/div>\n\t\t\t\t\t<\/div>\n\t\t<\/section>\n\t\t\t\t<section class=\"elementor-section elementor-top-section elementor-element elementor-element-7476329 elementor-section-boxed elementor-section-height-default elementor-section-height-default\" data-id=\"7476329\" data-element_type=\"section\" data-e-type=\"section\" data-settings=\"{&quot;_ob_glider_is_slider&quot;:&quot;no&quot;}\">\n\t\t\t\t\t\t<div class=\"elementor-container elementor-column-gap-default\">\n\t\t\t\t\t<div class=\"elementor-column elementor-col-33 elementor-top-column elementor-element elementor-element-b4ec64e\" data-id=\"b4ec64e\" data-element_type=\"column\" data-e-type=\"column\" data-settings=\"{&quot;_ob_column_hoveranimator&quot;:&quot;no&quot;,&quot;_ob_column_has_pseudo&quot;:&quot;no&quot;}\">\n\t\t\t<div class=\"elementor-widget-wrap elementor-element-populated\">\n\t\t\t\t\t\t<div class=\"elementor-element elementor-element-c2c8f40 dce_masking-none ob-has-background-overlay elementor-widget elementor-widget-image\" data-id=\"c2c8f40\" data-element_type=\"widget\" data-e-type=\"widget\" data-settings=\"{&quot;sticky&quot;:&quot;top&quot;,&quot;sticky_on&quot;:[&quot;desktop&quot;,&quot;tablet&quot;],&quot;sticky_offset&quot;:120,&quot;sticky_parent&quot;:&quot;yes&quot;,&quot;_ob_photomorph_use&quot;:&quot;no&quot;,&quot;_ob_widget_stalker_use&quot;:&quot;no&quot;,&quot;sticky_effects_offset&quot;:0,&quot;sticky_anchor_link_offset&quot;:0,&quot;_ob_poopart_use&quot;:&quot;yes&quot;,&quot;_ob_shadough_use&quot;:&quot;no&quot;,&quot;_ob_allow_hoveranimator&quot;:&quot;no&quot;}\" data-widget_type=\"image.default\">\n\t\t\t\t<div class=\"elementor-widget-container\">\n\t\t\t\t\t\t\t\t\t\t\t\t\t\t\t\t<a href=\"https:\/\/www.turismegarrigues.com\/wp-content\/uploads\/larutadeloli.jpg\" data-elementor-open-lightbox=\"yes\" data-e-action-hash=\"#elementor-action%3Aaction%3Dlightbox%26settings%3DeyJpZCI6MTYyNywidXJsIjoiaHR0cHM6XC9cL3d3dy50dXJpc21lZ2FycmlndWVzLmNvbVwvd3AtY29udGVudFwvdXBsb2Fkc1wvbGFydXRhZGVsb2xpLmpwZyJ9\">\n\t\t\t\t\t\t\t<img fetchpriority=\"high\" decoding=\"async\" width=\"640\" height=\"640\" src=\"https:\/\/www.turismegarrigues.com\/wp-content\/uploads\/larutadeloli.jpg\" class=\"attachment-large size-large wp-image-1627\" alt=\"\" \/>\t\t\t\t\t\t\t\t<\/a>\n\t\t\t\t\t\t\t\t\t\t\t\t\t\t\t<\/div>\n\t\t\t\t<\/div>\n\t\t\t\t\t<\/div>\n\t\t<\/div>\n\t\t\t\t<div class=\"elementor-column elementor-col-66 elementor-top-column elementor-element elementor-element-8e1409f\" data-id=\"8e1409f\" data-element_type=\"column\" data-e-type=\"column\" data-settings=\"{&quot;_ob_column_hoveranimator&quot;:&quot;no&quot;,&quot;_ob_column_has_pseudo&quot;:&quot;no&quot;}\">\n\t\t\t<div class=\"elementor-widget-wrap elementor-element-populated\">\n\t\t\t\t\t\t<div class=\"elementor-element elementor-element-3d8594e ob-harakiri-inherit ob-has-background-overlay elementor-widget elementor-widget-text-editor\" data-id=\"3d8594e\" data-element_type=\"widget\" data-e-type=\"widget\" data-settings=\"{&quot;_ob_use_harakiri&quot;:&quot;yes&quot;,&quot;_ob_harakiri_writing_mode&quot;:&quot;inherit&quot;,&quot;_ob_postman_use&quot;:&quot;no&quot;,&quot;_ob_widget_stalker_use&quot;:&quot;no&quot;,&quot;_ob_poopart_use&quot;:&quot;yes&quot;,&quot;_ob_shadough_use&quot;:&quot;no&quot;,&quot;_ob_allow_hoveranimator&quot;:&quot;no&quot;}\" data-widget_type=\"text-editor.default\">\n\t\t\t\t<div class=\"elementor-widget-container\">\n\t\t\t\t\t\t\t\t\t<p>Les Garrigues sont la saveur de la cuisine m\u00e9diterran\u00e9enne. Leur huile d&rsquo;olive vierge extra \u00e9labor\u00e9e avec des olives arbequines est accr\u00e9dit\u00e9e comme une des meilleures huiles du monde, \u00e9tant donn\u00e9 que son d\u00e9gr\u00e9 d&rsquo;acidit\u00e9 est tr\u00e8s bas (0,2\u00ba).<br \/><br \/>En hiver, du commencement du mois de d\u00e9cembre et jusqu&rsquo;\u00e0 la deuxi\u00e8me quinzaine du mois de f\u00e9vrier, on \u00e0 l&rsquo;habitude de se rendre dans les coop\u00e9ratives des diff\u00e9rents villages de Les Garrigues, afin d&rsquo;acheter l&rsquo;huile nouvelle.<br \/><br \/>L&rsquo;huile de l&rsquo;ann\u00e9e est un produit naturel, tr\u00e8s appr\u00e9ci\u00e9 par son \u00e9laboration artisanale qui est commercialis\u00e9e sous l&rsquo;Appellation d&rsquo;Origine Les Garrigues.<br \/><br \/>Venez \u00e0 Les Garrigues jouir de la route de l&rsquo;huile, vous pourrez v\u00e9rifier les caract\u00e9ristiques sp\u00e9ciales de la meilleure huile du monde, conna\u00eetre le proc\u00e9d\u00e9 de son \u00e9laboration et d\u00e9couvrir en m\u00eame temps les attraits de cette contr\u00e9e.<br \/><br \/>Profitez pour visiter quelqu&rsquo;une des coop\u00e9ratives qu&rsquo;il ya dans chaque village et aussi els castells (les ch\u00e2teaux) de la Floresta et celui de l&rsquo;Espluga Calba, l&rsquo;esgl\u00e9sia (l&rsquo;\u00e9glise) romane de Vinaixa, les villages \u00e0 jolies ruelles en pierre (el Vilosell, la Pobla de C\u00e9rvoles&#8230;), l&rsquo;Ecomuseu (l&rsquo;\u00c9comus\u00e9e) de la Pobla de C\u00e9rvoles, el Museu de l&rsquo;oli i del m\u00f3n rural (le Mus\u00e9e de l&rsquo;huile et du monde rural) de Castelldans, el Parc Tem\u00e0tic de l&rsquo;Oli (le Parc Th\u00e9matique de l&rsquo;Huile) de Les Borges Blanques, el Museu de la Pedra (le Mus\u00e9e de la Pierre) de la Floresta, le bourg ib\u00e9rique des Vilars d&rsquo;Arbeca ou les peintures rupestres de Cogul, des endroits qu&rsquo;on peut d\u00e9tacher parmi d&rsquo;autres attraits de Les Garrigues.ve oil theme park), La Floresta Museu de la Pedra (museum), the Iberian settlement in Vilars d&rsquo;Arbeca or the cave paintings in Cogul, which are just some of the attractions in les Garrigues.<\/p>\t\t\t\t\t\t\t\t<\/div>\n\t\t\t\t<\/div>\n\t\t\t\t\t<\/div>\n\t\t<\/div>\n\t\t\t\t\t<\/div>\n\t\t<\/section>\n\t\t\t\t<\/div>\n\t\t","protected":false},"excerpt":{"rendered":"<p>Les Garrigues sont la saveur de la cuisine m\u00e9diterran\u00e9enne. Leur huile d&rsquo;olive vierge extra \u00e9labor\u00e9e avec des olives arbequines est accr\u00e9dit\u00e9e comme une des meilleures huiles du monde, \u00e9tant donn\u00e9 que son d\u00e9gr\u00e9 d&rsquo;acidit\u00e9 est tr\u00e8s bas (0,2\u00ba). En hiver, du commencement du mois de d\u00e9cembre et jusqu&rsquo;\u00e0 la deuxi\u00e8me quinzaine du mois de f\u00e9vrier, [&hellip;]<\/p>\n","protected":false},"author":2,"featured_media":0,"parent":11787,"menu_order":2,"comment_status":"closed","ping_status":"closed","template":"","meta":{"footnotes":""},"class_list":["post-11794","page","type-page","status-publish","hentry"],"_links":{"self":[{"href":"https:\/\/www.turismegarrigues.com\/fr\/wp-json\/wp\/v2\/pages\/11794","targetHints":{"allow":["GET"]}}],"collection":[{"href":"https:\/\/www.turismegarrigues.com\/fr\/wp-json\/wp\/v2\/pages"}],"about":[{"href":"https:\/\/www.turismegarrigues.com\/fr\/wp-json\/wp\/v2\/types\/page"}],"author":[{"embeddable":true,"href":"https:\/\/www.turismegarrigues.com\/fr\/wp-json\/wp\/v2\/users\/2"}],"replies":[{"embeddable":true,"href":"https:\/\/www.turismegarrigues.com\/fr\/wp-json\/wp\/v2\/comments?post=11794"}],"version-history":[{"count":0,"href":"https:\/\/www.turismegarrigues.com\/fr\/wp-json\/wp\/v2\/pages\/11794\/revisions"}],"up":[{"embeddable":true,"href":"https:\/\/www.turismegarrigues.com\/fr\/wp-json\/wp\/v2\/pages\/11787"}],"wp:attachment":[{"href":"https:\/\/www.turismegarrigues.com\/fr\/wp-json\/wp\/v2\/media?parent=11794"}],"curies":[{"name":"wp","href":"https:\/\/api.w.org\/{rel}","templated":true}]}}